{"id":2261,"date":"2021-09-07T10:41:01","date_gmt":"2021-09-07T10:41:01","guid":{"rendered":"http:\/\/eurologistics.home.pl\/eurologistics_wp\/?page_id=2261"},"modified":"2021-09-21T08:51:38","modified_gmt":"2021-09-21T08:51:38","slug":"odprawa-celna","status":"publish","type":"page","link":"http:\/\/www.eurologisticsltd.com.pl\/en\/odprawa-celna\/","title":{"rendered":"Customs"},"content":{"rendered":"<div class=\"vc_row wpb_row vc_row-fluid vc_custom_1631013578404\"><div class=\"sidebar-menu wpb_column vc_column_container vc_col-sm-3\"><div class=\"vc_column-inner\"><div class=\"wpb_wrapper\"><div class=\"vc_row wpb_row vc_inner vc_row-fluid sidebar-menu\"><div class=\"wpb_column vc_column_container vc_col-sm-12 vc_col-has-fill\"><div class=\"vc_column-inner vc_custom_1630976365182\"><div class=\"wpb_wrapper\">\n<div id=\"cms-heading\" class=\"cms-heading\" >\n    <div class=\"title-heading\">\n        <p class=\"heading-tag\" style=\"color:#646464;line-height:0.5;font-weight:400; \">\n            Other services        <\/p>\n    <\/div>\n<\/div>\n<div class=\"vc_separator wpb_content_element vc_separator_align_center vc_sep_width_100 vc_sep_border_width_2 vc_sep_pos_align_center vc_separator_no_text vc_custom_1630974035422  vc_custom_1630974035422\" ><span class=\"vc_sep_holder vc_sep_holder_l\"><span  style=\"border-color:#646464;\" class=\"vc_sep_line\"><\/span><\/span><span class=\"vc_sep_holder vc_sep_holder_r\"><span  style=\"border-color:#646464;\" class=\"vc_sep_line\"><\/span><\/span>\n<\/div>\n\t<div class=\"wpb_text_column wpb_content_element  vc_custom_1631159017270\" >\n\t\t<div class=\"wpb_wrapper\">\n\t\t\t<p><a style=\"font-size: 16px;\" href=\"\/en\/transport-drogowy\/\">Road transport<\/a><\/p>\n\n\t\t<\/div>\n\t<\/div>\n<div class=\"vc_separator wpb_content_element vc_separator_align_center vc_sep_width_100 vc_sep_border_width_2 vc_sep_pos_align_center vc_separator_no_text vc_custom_1630974126269  vc_custom_1630974126269\" ><span class=\"vc_sep_holder vc_sep_holder_l\"><span  style=\"border-color:#242424;\" class=\"vc_sep_line\"><\/span><\/span><span class=\"vc_sep_holder vc_sep_holder_r\"><span  style=\"border-color:#242424;\" class=\"vc_sep_line\"><\/span><\/span>\n<\/div>\n\t<div class=\"wpb_text_column wpb_content_element  vc_custom_1631159030657\" >\n\t\t<div class=\"wpb_wrapper\">\n\t\t\t<p><a style=\"font-size: 16px;\" href=\"\/en\/transport-morski\/\">Sea transport<\/a><\/p>\n\n\t\t<\/div>\n\t<\/div>\n<div class=\"vc_separator wpb_content_element vc_separator_align_center vc_sep_width_100 vc_sep_border_width_2 vc_sep_pos_align_center vc_separator_no_text vc_custom_1630974126269  vc_custom_1630974126269\" ><span class=\"vc_sep_holder vc_sep_holder_l\"><span  style=\"border-color:#242424;\" class=\"vc_sep_line\"><\/span><\/span><span class=\"vc_sep_holder vc_sep_holder_r\"><span  style=\"border-color:#242424;\" class=\"vc_sep_line\"><\/span><\/span>\n<\/div>\n\t<div class=\"wpb_text_column wpb_content_element  vc_custom_1631159043098\" >\n\t\t<div class=\"wpb_wrapper\">\n\t\t\t<p><a style=\"font-size: 16px;\" href=\"\/en\/transport-ponadgabarytowy\/\">Oversized transport<\/a><\/p>\n\n\t\t<\/div>\n\t<\/div>\n<\/div><\/div><\/div><\/div><div class=\"vc_row wpb_row vc_inner vc_row-fluid sidebar-quotation vc_custom_1631013526845 vc_row-has-fill\"><div class=\"wpb_column vc_column_container vc_col-sm-12\"><div class=\"vc_column-inner vc_custom_1631013531228\"><div class=\"wpb_wrapper\">\n<div id=\"cms-heading-2\" class=\"cms-heading\" >\n    <div class=\"title-heading\">\n        <p class=\"heading-tag\" style=\"color:#ffffff;font-weight:400; \">\n            Get a quote        <\/p>\n    <\/div>\n<\/div>\n\n<div id=\"cms-heading-3\" class=\"cms-heading\" >\n    <div class=\"title-heading\">\n        <p class=\"heading-tag\" style=\"color:#ffffff;font-size:14px;font-weight:400; \">\n            Fill out the contact form, which will help you quickly evaluate your transport.        <\/p>\n    <\/div>\n<\/div>\n\n\t<div class=\"wpb_raw_code wpb_content_element wpb_raw_html\" id=\"quotation-button\">\n\t\t<div class=\"wpb_wrapper\">\n\t\t\t<button onclick=\"location.href='https:\/\/eurologistics.domena-projekt.pl\/index.php\/wycena-transportu\/'\" type=\"button\">Contact<\/button>\n\t\t<\/div>\n\t<\/div>\n<\/div><\/div><\/div><\/div><\/div><\/div><\/div><div class=\"wpb_column vc_column_container vc_col-sm-9\"><div class=\"vc_column-inner vc_custom_1631013559077\"><div class=\"wpb_wrapper\">\n<div id=\"cms-heading-4\" class=\"cms-heading\" >\n    <div class=\"title-heading\">\n        <h2 class=\"heading-tag\" style=\"color:#000000;font-size:24px;font-weight:700; \">\n            Customs        <\/h2>\n    <\/div>\n<\/div>\n\n\t<div class=\"wpb_text_column wpb_content_element\" >\n\t\t<div class=\"wpb_wrapper\">\n\t\t\t<p style=\"color: #9b9898; font-size: 16px; font-weight: 400;\">In order to ensure the highest quality of services, we offer customs clearance both in import and export. We work with customs agencies with branches all over Poland. By entrusting our company with both forwarding and customs services, transport is not delayed.<\/p>\n\n\t\t<\/div>\n\t<\/div>\n\n<div id=\"cms-heading-5\" class=\"cms-heading\" >\n    <div class=\"title-heading\">\n        <h2 class=\"heading-tag\" style=\"color:#000000;font-size:24px;font-weight:700; \">\n            Customs clearance in Poland in the main border ports        <\/h2>\n    <\/div>\n<\/div>\n\n\t<div class=\"wpb_text_column wpb_content_element\" >\n\t\t<div class=\"wpb_wrapper\">\n\t\t\t<p style=\"color: #9b9898; font-size: 16px; font-weight: 400;\">We provide customs clearance in <strong>Gdynia, Gda\u0144sk and \u015awinouj\u015bcie<\/strong>We work with many customs agents on the European Union border with countries like <strong>Norway<\/strong> or <strong>Great Britain<\/strong>We carry out import, export and transit procedures.<\/p>\n\n\t\t<\/div>\n\t<\/div>\n\n<div id=\"cms-heading-6\" class=\"cms-heading\" >\n    <div class=\"title-heading\">\n        <h2 class=\"heading-tag\" style=\"color:#000000;font-size:24px;font-weight:700; \">\n            Help and advice        <\/h2>\n    <\/div>\n<\/div>\n\n\t<div class=\"wpb_text_column wpb_content_element\" >\n\t\t<div class=\"wpb_wrapper\">\n\t\t\t<p style=\"color: #9b9898; font-size: 16px; font-weight: 400;\">To facilitate customs clearance, we provide assistance in the field of legal conditions and procedures regulating transport of goods . We help in completing documents and their verification. We always strive to keep the customs clearance time as short as possible.<\/p>\n\n\t\t<\/div>\n\t<\/div>\n\n<div id=\"cms-heading-7\" class=\"cms-heading\" >\n    <div class=\"title-heading\">\n        <h2 class=\"heading-tag\" style=\"color:#000000;font-size:24px;font-weight:700; \">\n            Why us?        <\/h2>\n    <\/div>\n<\/div>\n\n\t<div class=\"wpb_text_column wpb_content_element\" >\n\t\t<div class=\"wpb_wrapper\">\n\t\t\t<p style=\"color: #9b9898; font-size: 16px; font-weight: 400;\">By using our services, you can be sure that customs clearance will be smooth and quick.<\/p>\n\n\t\t<\/div>\n\t<\/div>\n<div class=\"vc_row wpb_row vc_inner vc_row-fluid vc_custom_1631012894035 vc_row-has-fill\"><div class=\"wpb_column vc_column_container vc_col-sm-4\"><div class=\"vc_column-inner vc_custom_1631013034811\"><div class=\"wpb_wrapper\"><div class=\"vc_icon_element vc_icon_element-outer vc_icon_element-align-left vc_icon_element-have-style\"><div class=\"vc_icon_element-inner vc_icon_element-color-custom vc_icon_element-have-style-inner vc_icon_element-size-md vc_icon_element-style-rounded-outline vc_icon_element-outline vc_icon_element-background-color-custom\"  style=\"border-color:#adabab\"><span class=\"vc_icon_element-icon far fa-calendar-alt\" style=\"color:#11ad3d !important\"><\/span><\/div><\/div>\n<div id=\"cms-heading-8\" class=\"cms-heading\" >\n    <div class=\"title-heading\">\n        <p class=\"heading-tag\" style=\"color:#020202;font-size:16px;font-weight:700; \">\n            Over 20 years of experience        <\/p>\n    <\/div>\n<\/div>\n\n\t<div class=\"wpb_text_column wpb_content_element\" >\n\t\t<div class=\"wpb_wrapper\">\n\t\t\t<p style=\"color: #9b9898; font-size: 16px; font-weight: 400;\">Trust experts who have been taking care of professional cargo transport for 20 years.<\/p>\n\n\t\t<\/div>\n\t<\/div>\n<\/div><\/div><\/div><div class=\"wpb_column vc_column_container vc_col-sm-4\"><div class=\"vc_column-inner vc_custom_1631013042621\"><div class=\"wpb_wrapper\"><div class=\"vc_icon_element vc_icon_element-outer vc_icon_element-align-left vc_icon_element-have-style\"><div class=\"vc_icon_element-inner vc_icon_element-color-custom vc_icon_element-have-style-inner vc_icon_element-size-md vc_icon_element-style-rounded-outline vc_icon_element-outline vc_icon_element-background-color-custom\"  style=\"border-color:#adabab\"><span class=\"vc_icon_element-icon fas fa-globe-americas\" style=\"color:#11ad3d !important\"><\/span><\/div><\/div>\n<div id=\"cms-heading-9\" class=\"cms-heading\" >\n    <div class=\"title-heading\">\n        <p class=\"heading-tag\" style=\"color:#020202;font-size:16px;font-weight:700; \">\n            Transport to all countries of the world        <\/p>\n    <\/div>\n<\/div>\n\n\t<div class=\"wpb_text_column wpb_content_element\" >\n\t\t<div class=\"wpb_wrapper\">\n\t\t\t<p style=\"color: #9b9898; font-size: 16px; font-weight: 400;\">We deliver loads throughout Europe and to all countries of the world.<\/p>\n\n\t\t<\/div>\n\t<\/div>\n<\/div><\/div><\/div><div class=\"wpb_column vc_column_container vc_col-sm-4\"><div class=\"vc_column-inner vc_custom_1631013052581\"><div class=\"wpb_wrapper\"><div class=\"vc_icon_element vc_icon_element-outer vc_icon_element-align-left vc_icon_element-have-style\"><div class=\"vc_icon_element-inner vc_icon_element-color-custom vc_icon_element-have-style-inner vc_icon_element-size-md vc_icon_element-style-rounded-outline vc_icon_element-outline vc_icon_element-background-color-custom\"  style=\"border-color:#adabab\"><span class=\"vc_icon_element-icon fas fa-handshake\" style=\"color:#11ad3d !important\"><\/span><\/div><\/div>\n<div id=\"cms-heading-10\" class=\"cms-heading\" >\n    <div class=\"title-heading\">\n        <p class=\"heading-tag\" style=\"color:#020202;font-size:16px;font-weight:700; \">\n            Trusted partners all over the world        <\/p>\n    <\/div>\n<\/div>\n\n\t<div class=\"wpb_text_column wpb_content_element\" >\n\t\t<div class=\"wpb_wrapper\">\n\t\t\t<p style=\"color: #9b9898; font-size: 16px; font-weight: 400;\">We work with partner companies all over the world.<\/p>\n\n\t\t<\/div>\n\t<\/div>\n<\/div><\/div><\/div><\/div><div class=\"vc_row wpb_row vc_inner vc_row-fluid vc_custom_1631724694012 vc_row-has-fill\"><div class=\"wpb_column vc_column_container vc_col-sm-12 vc_col-has-fill\"><div class=\"vc_column-inner vc_custom_1631013565984\"><div class=\"wpb_wrapper\"><div id=\"cms-space-69efcc464f5ae\">\n    <div class=\"cms-inline-css\" style=\"display:none\" data-css=\"    @media screen and (min-width: 992px) {        #cms-space-69efcc464f5ae .cms-space {            height: 100px;        }    }        @media (min-width: 768px) and (max-width: 991px) {        #cms-space-69efcc464f5ae .cms-space {            height: 100px;        }    }        @media (min-width: 576px) and (max-width: 767px) {        #cms-space-69efcc464f5ae .cms-space {            height: 100px;        }    }        @media screen and (max-width: 575px) {        #cms-space-69efcc464f5ae .cms-space {            height: 100px;        }    }    \"><\/div>\t<div class=\"cms-space\"><\/div>\n<\/div><div class=\"cms-call-to-action layout1\" >\n                <div class=\"cms-cta-title\">\n            <h2 style=\"color: #ffffff;\">Contact us<br \/>\non customs clearance<\/h2>\n        <\/div>\n        <div class=\"item-button\">\n                    <a href=\"http:\/\/eurologistics.home.pl\/eurologistics_wp\/index.php\/contacts\/\" target=\"_self\" class=\"btn\" rel=\"noopener\">\n                <span>Contact<\/span>\n            <\/a>\n            <\/div>\n<\/div>\n<div id=\"cms-space-69efcc464f819\">\n    <div class=\"cms-inline-css\" style=\"display:none\" data-css=\"    @media screen and (min-width: 992px) {        #cms-space-69efcc464f819 .cms-space {            height: 100px;        }    }        @media (min-width: 768px) and (max-width: 991px) {        #cms-space-69efcc464f819 .cms-space {            height: 100px;        }    }        @media (min-width: 576px) and (max-width: 767px) {        #cms-space-69efcc464f819 .cms-space {            height: 100px;        }    }        @media screen and (max-width: 575px) {        #cms-space-69efcc464f819 .cms-space {            height: 100px;        }    }    \"><\/div>\t<div class=\"cms-space\"><\/div>\n<\/div><\/div><\/div><\/div><\/div><\/div><\/div><\/div><\/div><div data-vc-full-width=\"true\" data-vc-full-width-init=\"false\" class=\"vc_row wpb_row vc_row-fluid vc_custom_1630981019821 vc_row-has-fill\"><div class=\"wpb_column vc_column_container vc_col-sm-2\/5\"><div class=\"vc_column-inner vc_custom_1630982343275\"><div class=\"wpb_wrapper\">\n\t<div  class=\"wpb_single_image wpb_content_element vc_align_center  inherit\">\n\t\t\n\t\t<figure class=\"wpb_wrapper vc_figure\">\n\t\t\t<div class=\"vc_single_image-wrapper default  vc_box_border_grey\"><img loading=\"lazy\" decoding=\"async\" width=\"360\" height=\"90\" src=\"http:\/\/www.eurologisticsltd.com.pl\/wp-content\/uploads\/2021\/09\/logo.png\" class=\"vc_single_image-img attachment-large\" alt=\"\" srcset=\"http:\/\/www.eurologisticsltd.com.pl\/wp-content\/uploads\/2021\/09\/logo.png 360w, http:\/\/www.eurologisticsltd.com.pl\/wp-content\/uploads\/2021\/09\/logo-18x5.png 18w\" sizes=\"auto, (max-width: 360px) 100vw, 360px\" \/><\/div>\n\t\t<\/figure>\n\t<\/div>\n<\/div><\/div><\/div><div class=\"wpb_column vc_column_container vc_col-sm-1\/5\"><div class=\"vc_column-inner vc_custom_1630982350230\"><div class=\"wpb_wrapper\">\n<div id=\"cms-heading-11\" class=\"cms-heading foot-top-head\" >\n    <div class=\"title-heading\">\n        <p class=\"heading-tag\" style=\"color:#020202;font-size:14px;font-weight:700; \">\n            WHO WE ARE        <\/p>\n    <\/div>\n<\/div>\n<div  class=\"vc_wp_custommenu wpb_content_element foot-top-menu\"><div class=\"widget widget_nav_menu\"><div class=\"menu-footer-menu-1-container\"><ul id=\"menu-footer-menu-1\" class=\"menu\"><li id=\"menu-item-1586\" class=\"menu-item menu-item-type-post_type menu-item-object-page menu-item-1586\"><a href=\"http:\/\/www.eurologisticsltd.com.pl\/en\/o-firmie\/\">About us<\/a><\/li>\n<li id=\"menu-item-1589\" class=\"menu-item menu-item-type-post_type menu-item-object-page menu-item-1589\"><a href=\"http:\/\/www.eurologisticsltd.com.pl\/en\/kontakt\/\">Contact<\/a><\/li>\n<\/ul><\/div><\/div><\/div><\/div><\/div><\/div><div class=\"wpb_column vc_column_container vc_col-sm-1\/5\"><div class=\"vc_column-inner vc_custom_1630982358861\"><div class=\"wpb_wrapper\">\n<div id=\"cms-heading-12\" class=\"cms-heading foot-top-head\" >\n    <div class=\"title-heading\">\n        <p class=\"heading-tag\" style=\"color:#020202;font-size:14px;font-weight:700; \">\n            OUR SERVICES        <\/p>\n    <\/div>\n<\/div>\n<div  class=\"vc_wp_custommenu wpb_content_element foot-top-menu\"><div class=\"widget widget_nav_menu\"><div class=\"menu-footer-menu-2-container\"><ul id=\"menu-footer-menu-2\" class=\"menu\"><li id=\"menu-item-2004\" class=\"menu-item menu-item-type-custom menu-item-object-custom menu-item-2004\"><a href=\"\/en\/single-slug\/transport-drogowy\/\">Road transport<\/a><\/li>\n<li id=\"menu-item-2005\" class=\"menu-item menu-item-type-custom menu-item-object-custom menu-item-2005\"><a href=\"\/en\/single-slug\/transport-morski\/\">Sea transport<\/a><\/li>\n<li id=\"menu-item-2006\" class=\"menu-item menu-item-type-custom menu-item-object-custom menu-item-2006\"><a href=\"\/en\/single-slug\/transport-ponadgabarytowy\/\">Oversized transport<\/a><\/li>\n<\/ul><\/div><\/div><\/div><\/div><\/div><\/div><div class=\"wpb_column vc_column_container vc_col-sm-1\/5\"><div class=\"vc_column-inner vc_custom_1630982365085\"><div class=\"wpb_wrapper\">\n<div id=\"cms-heading-13\" class=\"cms-heading foot-top-head\" >\n    <div class=\"title-heading\">\n        <p class=\"heading-tag\" style=\"color:#020202;font-size:14px;font-weight:700; \">\n            INFORMATION        <\/p>\n    <\/div>\n<\/div>\n<div  class=\"vc_wp_custommenu wpb_content_element foot-top-menu\"><div class=\"widget widget_nav_menu\"><div class=\"menu-footer-menu-3-container\"><ul id=\"menu-footer-menu-3\" class=\"menu\"><li id=\"menu-item-2464\" class=\"menu-item menu-item-type-post_type menu-item-object-page menu-item-2464\"><a href=\"http:\/\/www.eurologisticsltd.com.pl\/en\/odprawa-celna\/\">Customs<\/a><\/li>\n<li id=\"menu-item-2535\" class=\"menu-item menu-item-type-custom menu-item-object-custom menu-item-2535\"><a href=\"http:\/\/www.eurologisticsltd.com.pl\/en\/wycena-transportu\/#download-button\/\">Download<\/a><\/li>\n<li id=\"menu-item-2463\" class=\"menu-item menu-item-type-post_type menu-item-object-page menu-item-2463\"><a href=\"http:\/\/www.eurologisticsltd.com.pl\/en\/polityka-prywatnosci\/\">Privacy policy<\/a><\/li>\n<\/ul><\/div><\/div><\/div><\/div><\/div><\/div><div class=\"wpb_column vc_column_container vc_col-sm-12\"><div class=\"vc_column-inner\"><div class=\"wpb_wrapper\"><div class=\"vc_separator wpb_content_element vc_separator_align_center vc_sep_width_100 vc_sep_border_width_2 vc_sep_pos_align_center vc_separator_no_text vc_custom_1630997994488  vc_custom_1630997994488\" ><span class=\"vc_sep_holder vc_sep_holder_l\"><span  style=\"border-color:#adabab;\" class=\"vc_sep_line\"><\/span><\/span><span class=\"vc_sep_holder vc_sep_holder_r\"><span  style=\"border-color:#adabab;\" class=\"vc_sep_line\"><\/span><\/span>\n<\/div><div class=\"vc_row wpb_row vc_inner vc_row-fluid\"><div class=\"wpb_column vc_column_container vc_col-sm-4\"><div class=\"vc_column-inner vc_custom_1630982390154\"><div class=\"wpb_wrapper\">\n\t<div class=\"wpb_text_column wpb_content_element\" >\n\t\t<div class=\"wpb_wrapper\">\n\t\t\t<p style=\"color: #adabab; font-size: 12px; font-weight: 400; text-align: left;\">Euro Logistics Ltd Sp. z o.o.<br \/>\nul. Jab\u0142oniowa 20\/413 ,80-175 Gda\u0144sk<\/p>\n\n\t\t<\/div>\n\t<\/div>\n<\/div><\/div><\/div><div class=\"wpb_column vc_column_container vc_col-sm-4\"><div class=\"vc_column-inner vc_custom_1630982396272\"><div class=\"wpb_wrapper\">\n\t<div class=\"wpb_text_column wpb_content_element\" >\n\t\t<div class=\"wpb_wrapper\">\n\t\t\t<p style=\"color: #adabab; font-size: 12px; font-weight: 400; text-align: left;\">TIN 957-091-96-67<br> REGON 220062568<br \/>\nDistrict Court Gda\u0144sk North<\/p>\n\n\t\t<\/div>\n\t<\/div>\n<\/div><\/div><\/div><div class=\"wpb_column vc_column_container vc_col-sm-4\"><div class=\"vc_column-inner vc_custom_1630982402256\"><div class=\"wpb_wrapper\">\n\t<div class=\"wpb_text_column wpb_content_element\" >\n\t\t<div class=\"wpb_wrapper\">\n\t\t\t<p style=\"color: #adabab; font-size: 12px; font-weight: 400; text-align: left;\">Commercial Division of the<br>\nNational Court Register  0000242033<br \/>\nShare capital 50 000 PLN<\/p>\n\n\t\t<\/div>\n\t<\/div>\n<\/div><\/div><\/div><\/div>\n\t<div class=\"wpb_text_column wpb_content_element  vc_custom_1632211989275\" >\n\t\t<div class=\"wpb_wrapper\">\n\t\t\t<p style=\"color: #adabab; font-size: 12px; font-weight: 400; text-align: left;\">Copyright \u00a9 2021 Euro Logistics Ltd | Made by <a href=\"https:\/\/netby.pl\/\" target=\"_blank\" rel=\"noopener\">Netby<\/a><\/p>\n\n\t\t<\/div>\n\t<\/div>\n<\/div><\/div><\/div><\/div><div class=\"vc_row-full-width vc_clearfix\"><\/div>","protected":false},"excerpt":{"rendered":"Inne us\u0142ugi Transport drogowy Transport morski Transport ponadgabarytowy Wyce\u0144 transport Wype\u0142nij formularz kontatktowy, za pomoc\u0105 kt\u00f3rego, w szybki spos\u00f3b wycenisz sw\u00f3j transport. Kontakt Odprawa celna W celu zapewnienia najwy\u017cszej jako\u015bci us\u0142ug oferujemy odpraw\u0119 celn\u0105 zar\u00f3wno w imporcie, jak i eksporcie. Wsp\u00f3\u0142pracujemy z agencjami celnymi z oddzia\u0142ami z ca\u0142ej Polski. Zlecaj\u0105c naszej firmie zar\u00f3wno spedycj\u0119, jak [...]","protected":false},"author":2,"featured_media":0,"parent":0,"menu_order":0,"comment_status":"closed","ping_status":"closed","template":"","meta":{"footnotes":""},"class_list":["post-2261","page","type-page","status-publish","hentry"],"_links":{"self":[{"href":"http:\/\/www.eurologisticsltd.com.pl\/en\/wp-json\/wp\/v2\/pages\/2261","targetHints":{"allow":["GET"]}}],"collection":[{"href":"http:\/\/www.eurologisticsltd.com.pl\/en\/wp-json\/wp\/v2\/pages"}],"about":[{"href":"http:\/\/www.eurologisticsltd.com.pl\/en\/wp-json\/wp\/v2\/types\/page"}],"author":[{"embeddable":true,"href":"http:\/\/www.eurologisticsltd.com.pl\/en\/wp-json\/wp\/v2\/users\/2"}],"replies":[{"embeddable":true,"href":"http:\/\/www.eurologisticsltd.com.pl\/en\/wp-json\/wp\/v2\/comments?post=2261"}],"version-history":[{"count":54,"href":"http:\/\/www.eurologisticsltd.com.pl\/en\/wp-json\/wp\/v2\/pages\/2261\/revisions"}],"predecessor-version":[{"id":2812,"href":"http:\/\/www.eurologisticsltd.com.pl\/en\/wp-json\/wp\/v2\/pages\/2261\/revisions\/2812"}],"wp:attachment":[{"href":"http:\/\/www.eurologisticsltd.com.pl\/en\/wp-json\/wp\/v2\/media?parent=2261"}],"curies":[{"name":"wp","href":"https:\/\/api.w.org\/{rel}","templated":true}]}}