{"id":2410,"date":"2021-09-08T01:30:56","date_gmt":"2021-09-08T01:30:56","guid":{"rendered":"http:\/\/eurologistics.home.pl\/eurologistics_wp\/?page_id=2410"},"modified":"2021-09-21T08:52:55","modified_gmt":"2021-09-21T08:52:55","slug":"polityka-prywatnosci","status":"publish","type":"page","link":"http:\/\/www.eurologisticsltd.com.pl\/en\/polityka-prywatnosci\/","title":{"rendered":"Privacy policy"},"content":{"rendered":"<div class=\"vc_row wpb_row vc_row-fluid\"><div class=\"text wpb_column vc_column_container vc_col-sm-12\"><div class=\"vc_column-inner\"><div class=\"wpb_wrapper\">\n\t<div class=\"wpb_text_column wpb_content_element\" >\n\t\t<div class=\"wpb_wrapper\">\n\t\t\t<div style=\"font-size: 16px;\">\n<h2><b>Privacy policy\u00a0<\/b><\/h2>\n<h4><b>1. General information<\/b><\/h4>\n<p>This policy applies to the Website, operating under URL: <b>eurologisticsltd.com.pl<\/b><\/p>\n<p>The operator of the website and the data collector is: EURO LOGISTICS LTD. SP\u00d3\u0141KA Z OGRANICZON\u0104 ODPOWIEDZIALNO\u015aCI\u0104 \nJab\u0142oniowa 20 \/ 413, 80-175 Gdansk, Poland<\/p>\n<p>Operator\u2019s contact e-mail address: biuro@eurologisticsltd.com.pl<\/p>\n<p>The Operator is the Controller of your personal data in relations to the data voluntarily \nprovided on the Website.<\/p>\n<p>The Website uses your personal data for the following purposes:<\/p>\n<ul>\n<li>Handling requests via the form<\/li>\n<li>Presenting offers and giving information<\/li>\n<\/ul>\n<p>The Website obtains information on users and their behaviour in the following ways:<\/p>\n<ul>\n<li>Through data voluntarily entered in forms, which are entered into the Operator's systems,<\/li>\n<li>By storing cookies in the end devices.<\/li>\n<\/ul>\n<h4><b>2. Selected data protection methods used by the \nOperator<\/b><\/h4>\n<p>The Operator periodically changes administrative passwords.<\/p>\n<p>The Operator regularly makes security copies for data protection purposes.<\/p>\n<p>An important element of data protection is the regular updating of all software used by the \nOperator to process personal data, which in particular means the regular updating of \nsoftware components.<\/p>\n<h4><b>3. Hosting<\/b><\/h4>\n<p>The Website is hosted (technically maintained) on the server of the operator: another \ncompany<\/p>\n<h4><b>4. Your rights and additional information \non the use of your data<\/b><\/h4>\n<p>In certain situations, the Controller has the right to transfer your personal data to other \nrecipients if this is necessary for the performance of a contract concluded with you or \nfor the fulfilment of obligations incumbent on the Controller. This applies to such \ngroups of recipients:<\/p>\n<ul>\n<li>Hosting companies on a trust basic<\/li>\n<li>Postal operators<\/li>\n<li>Authorised employees and associates, who use the data to fulfil the purpose of \nthe Website<\/li>\n<li>Companies that provide marketing services to the Controller<\/li>\n<\/ul>\n<p>Your personal data will be processed by the Controller for no longer than is necessary for \nthe performance of the related activities defined by separate regulations (e.g. on \naccounting). With regard to the marketing data, the data will not be processed for longer \nthan 3 years.<\/p>\n<p>You have the right to request from the Controller:<\/p>\n<ul>\n<li>to access your personal data<\/li>\n<li>to rectify it<\/li>\n<li>to erasure it<\/li>\n<li>to restrict processing<\/li>\n<li>and to data portability<\/li>\n<\/ul>\n<p>You have the right to object to the processing indicated under 3.3 c) to the processing of \npersonal data for the purpose of the exercise of legitimate interests pursued by the \nController, including profiling, whereby the right to object shall not be exercisable if there \nare valid legitimate grounds for the processing overriding your interests, rights and freedoms, in particular the establishment, assertion or defence of claims<\/p>\n<p>The Collector's actions may be complained about to the President of the Office for Personal \nData Protection at the following address: ul. Stawki 2, 00-193 Warszawa<\/p>\n<p>Providing personal data is voluntary, but necessary to operate the Website.<\/p>\n<p>Actions involving automated decision-making may be taken in relation to you, including \nprofiling in order to provide services under a concluded agreement and in order for the \nController to conduct direct marketing.<\/p>\n<p>Personal data is not transferred to third countries as defined by data protection legislation. \nThis means that we do not transfer them outside the European Union.<\/p>\n<h4><b>5. Information in forms<\/b><\/h4>\n<p>The Website collects information voluntarily provided by the user, including personal data \nif provided.<\/p>\n<p>The Website may save information on connection parameters (time stamp, IP address).<\/p>\n<p>The Website, in some cases, may record information to facilitate the linking of the data in \nthe form with the e-mail address of the user completing the form. In such case the user's e-mail address shall appear inside the URL of the page containing the form.<\/p>\n<p>The data provided in the form is processed for the purpose resulting from the function of a \nparticular form, e.g. to complete the process of service request or business contact, service \nregistration, etc. each time, the context and description of the form clearly informs what it \nis used for.<\/p>\n<h4><b>6. Administrator logs<\/b><\/h4>\n<p>Information on user behaviour on the Website may be subject to logging. This data is \nused to administer the service.<\/p>\n<h4><b>7. Relevant marketing techniques<\/b><\/h4>\n<p>The Operator uses statistical analysis of the website traffic, via Google Analytics (Google \nInc. based in the USA). The Operator does not transmit to the operator of this service \npersonal data but only anonymised information. The service is based on the use of cookies on the user's device. In terms of information about user preferences collected by the Google advertising network, the user can view and edit the information resulting from the cookies using the following tool: https:\/\/www.google.com\/ads\/preferences\/<\/p>\n<h4><b>8. Information on cookies<\/b><\/h4>\n<p>The Website uses cookies.<\/p>\n<p>Cookies are computer data, in particular text files, which are stored in the end device of the \nWebsite user and are intended for use on the Website. Cookies usually contain the name of the website, which they come from, the time of storing them on the device and a unique number.<\/p>\n<p>The Website operator is the entity placing cookies on the terminal equipment of the \nWebsite user and gaining access to them.<\/p>\n<p>Cookies are used for the following purposes:<\/p>\n<ul>\n<li>maintaining a session of the Website user (after logging in) so that the user does not have to re-enter login and password on each subpage of the Website;<\/li>\n<li>fulfilling the purposes specified above in the 'Relevant marketing techniques\u2019 section.<\/li>\n<\/ul>\n<p>There are two main types of cookies used on the Website: \u2018session\u2019 (session cookies) and \n\u2018permanent\u2019 (persistent cookies) ones. Session cookies are temporary files, which are stored \nin the device of the user until logging off, leaving the website or switching off the software (web browser). Persistent cookies are stored in the user's device for the time specified in the parameters of cookies or until they are deleted by the user.<\/p>\n<p>Web browsing software (internet browser) usually allows the storage of cookies on the \ndevice of the user. Users of the Website may change their settings in this respect. Internet \nbrowser allows to delete cookies.\nIt is also possible to automatically block cookies. Detailed information on this subject is \ncontained in the help or documentation of your Internet browser.<\/p>\n<p>Restrictions on the use of cookies may affect some of the functions available on the Website.<\/p>\n<p>Cookies placed in the device of a user of the Website may also be used by entities \ncooperating with the operator of the Website, in particular the following companies: \nGoogle (Google Inc. based in the USA), Facebook (Facebook Inc. based in the USA), and \nTwitter (Twitter Inc. based in the USA).<\/p>\n<h4><b>9. Managing cookies \u2013 How to effectively \ngive or withdraw your consent?<\/b><\/h4>\n<p>If you do not wish to receive cookies, you can change your browser settings. We inform \nyou that disabling cookies necessary for authentication and security processes, and for \nmaintaining user preferences may hinder or, in extreme cases, make it impossible to use\nthe Websites.<\/p>\n<p>To manage your cookies, select the web browser you use from the list below and follow the instructions:<\/p>\n<ul>\n<li><a href=\"https:\/\/support.microsoft.com\/pl-pl\/help\/10607\/microsoft-edge-view-delete-browser-history\" target=\"_blank\" rel=\"noopener\">Edge<\/a><\/li>\n<li><a href=\"https:\/\/support.microsoft.com\/pl-pl\/help\/278835\/how-to-delete-cookie-files-in-internet-explorer\" target=\"_blank\" rel=\"noopener\">Internet Explorer<\/a><\/li>\n<li><a href=\"http:\/\/support.google.com\/chrome\/bin\/answer.py?hl=pl&amp;answer=95647\" target=\"_blank\" rel=\"noopener\">Chrome<\/a><\/li>\n<li><a href=\"http:\/\/support.apple.com\/kb\/PH5042\" target=\"_blank\" rel=\"noopener\">Safari<\/a><\/li>\n<li><a href=\"http:\/\/support.mozilla.org\/pl\/kb\/W%C5%82%C4%85czanie%20i%20wy%C5%82%C4%85czanie%20obs%C5%82ugi%20ciasteczek\" target=\"_blank\" rel=\"noopener\">Firefox<\/a><\/li>\n<li><a href=\"http:\/\/help.opera.com\/Windows\/12.10\/pl\/cookies.html\" target=\"_blank\" rel=\"noopener\">Opera<\/a><\/li>\n<\/ul>\n<p>Mobile devices:<\/p>\n<ul>\n<li><a href=\"http:\/\/support.google.com\/chrome\/bin\/answer.py?hl=pl&amp;answer=95647\" target=\"_blank\" rel=\"noopener\">Android<\/a><\/li>\n<li><a href=\"http:\/\/support.apple.com\/kb\/HT1677?viewlocale=pl_PL\" target=\"_blank\" rel=\"noopener\">Safari (iOS)<\/a><\/li>\n<li><a href=\"http:\/\/www.windowsphone.com\/pl-pl\/how-to\/wp7\/web\/changing-privacy-and-other-browser-settings\" target=\"_blank\" rel=\"noopener\">Windows Phone<\/a><\/li>\n<\/ul>\n<\/div>\n\n\t\t<\/div>\n\t<\/div>\n<\/div><\/div><\/div><\/div><div data-vc-full-width=\"true\" data-vc-full-width-init=\"false\" class=\"vc_row wpb_row vc_row-fluid vc_custom_1630981019821 vc_row-has-fill\"><div class=\"wpb_column vc_column_container vc_col-sm-2\/5\"><div class=\"vc_column-inner vc_custom_1630982343275\"><div class=\"wpb_wrapper\">\n\t<div  class=\"wpb_single_image wpb_content_element vc_align_center  inherit\">\n\t\t\n\t\t<figure class=\"wpb_wrapper vc_figure\">\n\t\t\t<div class=\"vc_single_image-wrapper default  vc_box_border_grey\"><img loading=\"lazy\" decoding=\"async\" width=\"360\" height=\"90\" src=\"http:\/\/www.eurologisticsltd.com.pl\/wp-content\/uploads\/2021\/09\/logo.png\" class=\"vc_single_image-img attachment-large\" alt=\"\" srcset=\"http:\/\/www.eurologisticsltd.com.pl\/wp-content\/uploads\/2021\/09\/logo.png 360w, http:\/\/www.eurologisticsltd.com.pl\/wp-content\/uploads\/2021\/09\/logo-18x5.png 18w\" sizes=\"auto, (max-width: 360px) 100vw, 360px\" \/><\/div>\n\t\t<\/figure>\n\t<\/div>\n<\/div><\/div><\/div><div class=\"wpb_column vc_column_container vc_col-sm-1\/5\"><div class=\"vc_column-inner vc_custom_1630982350230\"><div class=\"wpb_wrapper\">\n<div id=\"cms-heading\" class=\"cms-heading foot-top-head\" >\n    <div class=\"title-heading\">\n        <p class=\"heading-tag\" style=\"color:#020202;font-size:14px;font-weight:700; \">\n            WHO WE ARE        <\/p>\n    <\/div>\n<\/div>\n<div  class=\"vc_wp_custommenu wpb_content_element foot-top-menu\"><div class=\"widget widget_nav_menu\"><div class=\"menu-footer-menu-1-container\"><ul id=\"menu-footer-menu-1\" class=\"menu\"><li id=\"menu-item-1586\" class=\"menu-item menu-item-type-post_type menu-item-object-page menu-item-1586\"><a href=\"http:\/\/www.eurologisticsltd.com.pl\/en\/o-firmie\/\">About us<\/a><\/li>\n<li id=\"menu-item-1589\" class=\"menu-item menu-item-type-post_type menu-item-object-page menu-item-1589\"><a href=\"http:\/\/www.eurologisticsltd.com.pl\/en\/kontakt\/\">Contact<\/a><\/li>\n<\/ul><\/div><\/div><\/div><\/div><\/div><\/div><div class=\"wpb_column vc_column_container vc_col-sm-1\/5\"><div class=\"vc_column-inner vc_custom_1630982358861\"><div class=\"wpb_wrapper\">\n<div id=\"cms-heading-2\" class=\"cms-heading foot-top-head\" >\n    <div class=\"title-heading\">\n        <p class=\"heading-tag\" style=\"color:#020202;font-size:14px;font-weight:700; \">\n            OUR SERVICES        <\/p>\n    <\/div>\n<\/div>\n<div  class=\"vc_wp_custommenu wpb_content_element foot-top-menu\"><div class=\"widget widget_nav_menu\"><div class=\"menu-footer-menu-2-container\"><ul id=\"menu-footer-menu-2\" class=\"menu\"><li id=\"menu-item-2004\" class=\"menu-item menu-item-type-custom menu-item-object-custom menu-item-2004\"><a href=\"\/en\/single-slug\/transport-drogowy\/\">Road transport<\/a><\/li>\n<li id=\"menu-item-2005\" class=\"menu-item menu-item-type-custom menu-item-object-custom menu-item-2005\"><a href=\"\/en\/single-slug\/transport-morski\/\">Sea transport<\/a><\/li>\n<li id=\"menu-item-2006\" class=\"menu-item menu-item-type-custom menu-item-object-custom menu-item-2006\"><a href=\"\/en\/single-slug\/transport-ponadgabarytowy\/\">Oversized transport<\/a><\/li>\n<\/ul><\/div><\/div><\/div><\/div><\/div><\/div><div class=\"wpb_column vc_column_container vc_col-sm-1\/5\"><div class=\"vc_column-inner vc_custom_1630982365085\"><div class=\"wpb_wrapper\">\n<div id=\"cms-heading-3\" class=\"cms-heading foot-top-head\" >\n    <div class=\"title-heading\">\n        <p class=\"heading-tag\" style=\"color:#020202;font-size:14px;font-weight:700; \">\n            INFORMATION        <\/p>\n    <\/div>\n<\/div>\n<div  class=\"vc_wp_custommenu wpb_content_element foot-top-menu\"><div class=\"widget widget_nav_menu\"><div class=\"menu-footer-menu-3-container\"><ul id=\"menu-footer-menu-3\" class=\"menu\"><li id=\"menu-item-2464\" class=\"menu-item menu-item-type-post_type menu-item-object-page menu-item-2464\"><a href=\"http:\/\/www.eurologisticsltd.com.pl\/en\/odprawa-celna\/\">Customs<\/a><\/li>\n<li id=\"menu-item-2535\" class=\"menu-item menu-item-type-custom menu-item-object-custom menu-item-2535\"><a href=\"http:\/\/www.eurologisticsltd.com.pl\/en\/wycena-transportu\/#download-button\/\">Download<\/a><\/li>\n<li id=\"menu-item-2463\" class=\"menu-item menu-item-type-post_type menu-item-object-page menu-item-2463\"><a href=\"http:\/\/www.eurologisticsltd.com.pl\/en\/polityka-prywatnosci\/\">Privacy policy<\/a><\/li>\n<\/ul><\/div><\/div><\/div><\/div><\/div><\/div><div class=\"wpb_column vc_column_container vc_col-sm-12\"><div class=\"vc_column-inner\"><div class=\"wpb_wrapper\"><div class=\"vc_separator wpb_content_element vc_separator_align_center vc_sep_width_100 vc_sep_border_width_2 vc_sep_pos_align_center vc_separator_no_text vc_custom_1630997994488  vc_custom_1630997994488\" ><span class=\"vc_sep_holder vc_sep_holder_l\"><span  style=\"border-color:#adabab;\" class=\"vc_sep_line\"><\/span><\/span><span class=\"vc_sep_holder vc_sep_holder_r\"><span  style=\"border-color:#adabab;\" class=\"vc_sep_line\"><\/span><\/span>\n<\/div><div class=\"vc_row wpb_row vc_inner vc_row-fluid\"><div class=\"wpb_column vc_column_container vc_col-sm-4\"><div class=\"vc_column-inner vc_custom_1630982390154\"><div class=\"wpb_wrapper\">\n\t<div class=\"wpb_text_column wpb_content_element\" >\n\t\t<div class=\"wpb_wrapper\">\n\t\t\t<p style=\"color: #adabab; font-size: 12px; font-weight: 400; text-align: left;\">Euro Logistics Ltd Sp. z o.o.<br \/>\nul. Jab\u0142oniowa 20\/413 ,80-175 Gda\u0144sk<\/p>\n\n\t\t<\/div>\n\t<\/div>\n<\/div><\/div><\/div><div class=\"wpb_column vc_column_container vc_col-sm-4\"><div class=\"vc_column-inner vc_custom_1630982396272\"><div class=\"wpb_wrapper\">\n\t<div class=\"wpb_text_column wpb_content_element\" >\n\t\t<div class=\"wpb_wrapper\">\n\t\t\t<p style=\"color: #adabab; font-size: 12px; font-weight: 400; text-align: left;\">TIN 957-091-96-67<br> REGON 220062568<br \/>\nDistrict Court Gda\u0144sk North<\/p>\n\n\t\t<\/div>\n\t<\/div>\n<\/div><\/div><\/div><div class=\"wpb_column vc_column_container vc_col-sm-4\"><div class=\"vc_column-inner vc_custom_1630982402256\"><div class=\"wpb_wrapper\">\n\t<div class=\"wpb_text_column wpb_content_element\" >\n\t\t<div class=\"wpb_wrapper\">\n\t\t\t<p style=\"color: #adabab; font-size: 12px; font-weight: 400; text-align: left;\">Commercial Division of the<br>\nNational Court Register  0000242033<br \/>\nShare capital 50 000 PLN<\/p>\n\n\t\t<\/div>\n\t<\/div>\n<\/div><\/div><\/div><\/div>\n\t<div class=\"wpb_text_column wpb_content_element  vc_custom_1631060340013\" >\n\t\t<div class=\"wpb_wrapper\">\n\t\t\t<p style=\"color: #adabab; font-size: 12px; font-weight: 400; text-align: left;\">Copyright \u00a9 2021 Euro Logistics LTD | Realizacja <a href=\"https:\/\/netby.pl\/\" target=\"_blank\" rel=\"noopener\">Netby<\/a><\/p>\n\n\t\t<\/div>\n\t<\/div>\n<\/div><\/div><\/div><\/div><div class=\"vc_row-full-width vc_clearfix\"><\/div>","protected":false},"excerpt":{"rendered":"Polityka prywatno\u015bci\u00a0 1. Informacje og\u00f3lne Niniejsza polityka dotyczy Serwisu www, funkcjonuj\u0105cego pod adresem url: eurologisticsltd.com.pl Operatorem serwisu oraz Administratorem danych osobowych jest: EURO LOGISTICS LTD. SP\u00d3\u0141KA Z OGRANICZON\u0104 ODPOWIEDZIALNO\u015aCI\u0104 Jab\u0142oniowa 20 \/ 413, 80-175 Gda\u0144sk, Polska Adres kontaktowy poczty elektronicznej operatora: biuro@eurologisticsltd.com.pl Operator jest Administratorem Twoich danych osobowych w odniesieniu do danych podanych dobrowolnie w [...]","protected":false},"author":2,"featured_media":0,"parent":0,"menu_order":0,"comment_status":"closed","ping_status":"closed","template":"","meta":{"footnotes":""},"class_list":["post-2410","page","type-page","status-publish","hentry"],"_links":{"self":[{"href":"http:\/\/www.eurologisticsltd.com.pl\/en\/wp-json\/wp\/v2\/pages\/2410","targetHints":{"allow":["GET"]}}],"collection":[{"href":"http:\/\/www.eurologisticsltd.com.pl\/en\/wp-json\/wp\/v2\/pages"}],"about":[{"href":"http:\/\/www.eurologisticsltd.com.pl\/en\/wp-json\/wp\/v2\/types\/page"}],"author":[{"embeddable":true,"href":"http:\/\/www.eurologisticsltd.com.pl\/en\/wp-json\/wp\/v2\/users\/2"}],"replies":[{"embeddable":true,"href":"http:\/\/www.eurologisticsltd.com.pl\/en\/wp-json\/wp\/v2\/comments?post=2410"}],"version-history":[{"count":48,"href":"http:\/\/www.eurologisticsltd.com.pl\/en\/wp-json\/wp\/v2\/pages\/2410\/revisions"}],"predecessor-version":[{"id":2660,"href":"http:\/\/www.eurologisticsltd.com.pl\/en\/wp-json\/wp\/v2\/pages\/2410\/revisions\/2660"}],"wp:attachment":[{"href":"http:\/\/www.eurologisticsltd.com.pl\/en\/wp-json\/wp\/v2\/media?parent=2410"}],"curies":[{"name":"wp","href":"https:\/\/api.w.org\/{rel}","templated":true}]}}