{"id":2466,"date":"2021-09-08T08:32:08","date_gmt":"2021-09-08T08:32:08","guid":{"rendered":"http:\/\/eurologistics.home.pl\/eurologistics_wp\/?page_id=2466"},"modified":"2021-09-21T08:26:16","modified_gmt":"2021-09-21T08:26:16","slug":"klauzula-informacyjna","status":"publish","type":"page","link":"http:\/\/www.eurologisticsltd.com.pl\/en\/klauzula-informacyjna\/","title":{"rendered":"Information clause"},"content":{"rendered":"<div class=\"vc_row wpb_row vc_row-fluid\"><div class=\"text wpb_column vc_column_container vc_col-sm-12\"><div class=\"vc_column-inner\"><div class=\"wpb_wrapper\">\n\t<div class=\"wpb_text_column wpb_content_element\" >\n\t\t<div class=\"wpb_wrapper\">\n\t\t\t<div style=\"font-size: 16px;\">\n<h2><span class=\"c10 c21\">Information clause<\/span><\/h2>\n<\/div>\n<h4 class=\"c2\"><span class=\"c1\">Information about the processing of personal data from the contact form by<\/span><\/h4>\n<h4 class=\"c2\"><span class=\"c8\">EURO LOGISTICS LTD. SP\u00d3\u0141KA Z OGRANICZON\u0104 ODPOWIEDZIALNO\u015aCI\u0104<\/span><\/h4>\n<p><span class=\"c1\">Information obligation pursuant to Article 13(1) and (2) of Regulation (EU) 2016\/679 of the European Parliament and of the Council of 27 April 2016 on the protection of natural persons with regard to the processing of personal data and on the free movement of such data and repealing Directive 95\/46\/EC (General Data Protection Regulation).<\/span><\/p>\n<p>&nbsp;<\/p>\n<div style=\"font-size: 16px;\">\n<h4><span class=\"c8 c10\">1. Data collector<\/span><\/h4>\n<p class=\"c2\"><span class=\"c8\">EURO LOGISTICS LTD. SP\u00d3\u0141KA Z OGRANICZON\u0104 ODPOWIEDZIALNO\u015aCI\u0104<\/span><span class=\"c8\">\u00a0u. <\/span><span class=\"c8\">Jab\u0142oniowa 20 \/ 413, 80-175 Gda\u0144sk, Poland<\/span><\/p>\n<h4><b>2. <span class=\"c8 c10\">The purpose of processing<\/span><br \/>\n<\/b><\/h4>\n<p><span class=\"c8\">Execution of contact and sending current commercial information concerning goods and services offered by <\/span><span class=\"c8\">EURO LOGISTICS LTD. SP\u00d3\u0141KA Z OGRANICZON\u0104 ODPOWIEDZIALNO\u015aCI\u0104<\/span><span class=\"c1\">\u00a0using the data provided in the contact form on the following website: www.eurologisticsltd.com.pl<\/span><\/p>\n<h4><b>3. <span class=\"c8 c10\">Legal basis<\/span><br \/>\n<\/b><\/h4>\n<p><span class=\"c1\">The processing of your personal data entered in the contact form results from the Data Collector's legitimate interest, i.e. the performance of contact with you [Ar. 6(1) (f) of the General Data Protection Regulation \u2013 GDPR].<\/span><\/p>\n<p><span class=\"c1\">The processing of your personal data entered in the contact form is necessary for the fulfilment of the Data Collector's legal obligations [Article 6(1) (c) of the General Data Protection Regulation \u2013 GDPR].<\/span><\/p>\n<p>&nbsp;<\/p>\n<h4><b>4. <span class=\"c8 c10\">Categories of data recipients<\/span><br \/>\n<\/b><\/h4>\n<p>&nbsp;<\/p>\n<p><span class=\"c1\">Entities authorised under the provisions of law.<\/span><\/p>\n<ul class=\"c4 lst-kix_m65j041wyczv-0 start\">\n<li class=\"c3 li-bullet-0\"><span class=\"c1\">Employees of EURO LOGISTICS LTD. Sp. z o.o.<\/span><\/li>\n<li class=\"c3 li-bullet-0\"><span class=\"c1\">Entities performing external services on behalf of EURO LOGISTICS LTD. Sp. z o.o.: accounting, IT and bookkeeping services on the basis of a separate agreements, required for the proper implementation of services by EURO LOGISTICS LTD. Sp. z o.o.<\/span><\/li>\n<\/ul>\n<p>&nbsp;<\/p>\n<h4><b>5. <span class=\"c8 c10\">Period of data retention<\/span><br \/>\n<\/b><\/h4>\n<p><span class=\"c1\">The data shall be stored until the expiry of the period of limitation of tax liabilities and other public liabilities incurred by EURO LOGISTICS LTD. Sp. z o.o..<\/span><\/p>\n<p><span class=\"c1\">Until you withdraw your consent to the processing. The data shall be deleted immediately after the withdrawal of your consent to their processing.<\/span><\/p>\n<h4><b>6. <span class=\"c8 c10\">Rights related to processing<\/span><br \/>\n<\/b><\/h4>\n<ul class=\"c4 lst-kix_v9d725j9eeq2-0 start\">\n<li class=\"c3 li-bullet-0\"><span class=\"c1\">The right to request access, rectification, erasure or restriction of processing from the data controller.<\/span><\/li>\n<li class=\"c3 li-bullet-0\"><span class=\"c1\">The right to transfer personal data.<\/span><\/li>\n<li class=\"c3 li-bullet-0\"><span class=\"c1\">The right to lodge a complaint to the President of the Office for Personal Data Protection.<\/span><\/li>\n<li class=\"c3 li-bullet-0\"><span class=\"c1\">The right to object.<\/span><\/li>\n<li class=\"c3 li-bullet-0\"><span class=\"c8\">Contact regarding the GDPR: EURO LOGISTICS LTD. Sp. z o.o. ul. <\/span><span class=\"c8\">Jab\u0142oniowa 20 \/ 413, 80-175 Gda\u0144sk, Poland<\/span><span class=\"c8\">\u00a0email: <\/span><span class=\"c8\">biuro@eurologisticsltd.com.pl<\/span><\/li>\n<\/ul>\n<p>&nbsp;<\/p>\n<h4><b>7. <span class=\"c8 c10\">Additional information<\/span><br \/>\n<\/b><\/h4>\n<p><span class=\"c1\">Providing your data before concluding an agreement with EURO LOGISTICS LTD. Sp. z o.o. is not required; however, the consequence of failure to do so shall make it impossible for EURO LOGISTICS LTD. Sp. z o.o. to contact you.<\/span><\/p>\n<p><span class=\"c1\">Your data shall not be forwarded by EURO LOGISTICS LTD. Sp. z o.o. to third countries or international organisations.<\/span><\/p>\n<p><span class=\"c1\">On the basis of your personal data, EURO LOGISTICS LTD. Sp. z o.o. shall not make any automated decisions and shall not carry out any profiling processes.<\/span><\/p>\n<\/div>\n\n\t\t<\/div>\n\t<\/div>\n<\/div><\/div><\/div><\/div><div data-vc-full-width=\"true\" data-vc-full-width-init=\"false\" class=\"vc_row wpb_row vc_row-fluid vc_custom_1630981019821 vc_row-has-fill\"><div class=\"wpb_column vc_column_container vc_col-sm-2\/5\"><div class=\"vc_column-inner vc_custom_1630982343275\"><div class=\"wpb_wrapper\">\n\t<div  class=\"wpb_single_image wpb_content_element vc_align_center  inherit\">\n\t\t\n\t\t<figure class=\"wpb_wrapper vc_figure\">\n\t\t\t<div class=\"vc_single_image-wrapper default  vc_box_border_grey\"><img loading=\"lazy\" decoding=\"async\" width=\"360\" height=\"90\" src=\"http:\/\/www.eurologisticsltd.com.pl\/wp-content\/uploads\/2021\/09\/logo.png\" class=\"vc_single_image-img attachment-large\" alt=\"\" srcset=\"http:\/\/www.eurologisticsltd.com.pl\/wp-content\/uploads\/2021\/09\/logo.png 360w, http:\/\/www.eurologisticsltd.com.pl\/wp-content\/uploads\/2021\/09\/logo-18x5.png 18w\" sizes=\"auto, (max-width: 360px) 100vw, 360px\" \/><\/div>\n\t\t<\/figure>\n\t<\/div>\n<\/div><\/div><\/div><div class=\"wpb_column vc_column_container vc_col-sm-1\/5\"><div class=\"vc_column-inner vc_custom_1630982350230\"><div class=\"wpb_wrapper\">\n<div id=\"cms-heading\" class=\"cms-heading foot-top-head\" >\n    <div class=\"title-heading\">\n        <p class=\"heading-tag\" style=\"color:#020202;font-size:14px;font-weight:700; \">\n            WHO WE ARE        <\/p>\n    <\/div>\n<\/div>\n<div  class=\"vc_wp_custommenu wpb_content_element foot-top-menu\"><div class=\"widget widget_nav_menu\"><div class=\"menu-footer-menu-1-container\"><ul id=\"menu-footer-menu-1\" class=\"menu\"><li id=\"menu-item-1586\" class=\"menu-item menu-item-type-post_type menu-item-object-page menu-item-1586\"><a href=\"http:\/\/www.eurologisticsltd.com.pl\/en\/o-firmie\/\">About us<\/a><\/li>\n<li id=\"menu-item-1589\" class=\"menu-item menu-item-type-post_type menu-item-object-page menu-item-1589\"><a href=\"http:\/\/www.eurologisticsltd.com.pl\/en\/kontakt\/\">Contact<\/a><\/li>\n<\/ul><\/div><\/div><\/div><\/div><\/div><\/div><div class=\"wpb_column vc_column_container vc_col-sm-1\/5\"><div class=\"vc_column-inner vc_custom_1630982358861\"><div class=\"wpb_wrapper\">\n<div id=\"cms-heading-2\" class=\"cms-heading foot-top-head\" >\n    <div class=\"title-heading\">\n        <p class=\"heading-tag\" style=\"color:#020202;font-size:14px;font-weight:700; \">\n            OUR SERVICES        <\/p>\n    <\/div>\n<\/div>\n<div  class=\"vc_wp_custommenu wpb_content_element foot-top-menu\"><div class=\"widget widget_nav_menu\"><div class=\"menu-footer-menu-2-container\"><ul id=\"menu-footer-menu-2\" class=\"menu\"><li id=\"menu-item-2004\" class=\"menu-item menu-item-type-custom menu-item-object-custom menu-item-2004\"><a href=\"\/en\/single-slug\/transport-drogowy\/\">Road transport<\/a><\/li>\n<li id=\"menu-item-2005\" class=\"menu-item menu-item-type-custom menu-item-object-custom menu-item-2005\"><a href=\"\/en\/single-slug\/transport-morski\/\">Sea transport<\/a><\/li>\n<li id=\"menu-item-2006\" class=\"menu-item menu-item-type-custom menu-item-object-custom menu-item-2006\"><a href=\"\/en\/single-slug\/transport-ponadgabarytowy\/\">Oversized transport<\/a><\/li>\n<\/ul><\/div><\/div><\/div><\/div><\/div><\/div><div class=\"wpb_column vc_column_container vc_col-sm-1\/5\"><div class=\"vc_column-inner vc_custom_1630982365085\"><div class=\"wpb_wrapper\">\n<div id=\"cms-heading-3\" class=\"cms-heading foot-top-head\" >\n    <div class=\"title-heading\">\n        <p class=\"heading-tag\" style=\"color:#020202;font-size:14px;font-weight:700; \">\n            INFORMATION        <\/p>\n    <\/div>\n<\/div>\n<div  class=\"vc_wp_custommenu wpb_content_element foot-top-menu\"><div class=\"widget widget_nav_menu\"><div class=\"menu-footer-menu-3-container\"><ul id=\"menu-footer-menu-3\" class=\"menu\"><li id=\"menu-item-2464\" class=\"menu-item menu-item-type-post_type menu-item-object-page menu-item-2464\"><a href=\"http:\/\/www.eurologisticsltd.com.pl\/en\/odprawa-celna\/\">Customs<\/a><\/li>\n<li id=\"menu-item-2535\" class=\"menu-item menu-item-type-custom menu-item-object-custom menu-item-2535\"><a href=\"http:\/\/www.eurologisticsltd.com.pl\/en\/wycena-transportu\/#download-button\/\">Download<\/a><\/li>\n<li id=\"menu-item-2463\" class=\"menu-item menu-item-type-post_type menu-item-object-page menu-item-2463\"><a href=\"http:\/\/www.eurologisticsltd.com.pl\/en\/polityka-prywatnosci\/\">Privacy policy<\/a><\/li>\n<\/ul><\/div><\/div><\/div><\/div><\/div><\/div><div class=\"wpb_column vc_column_container vc_col-sm-12\"><div class=\"vc_column-inner\"><div class=\"wpb_wrapper\"><div class=\"vc_separator wpb_content_element vc_separator_align_center vc_sep_width_100 vc_sep_border_width_2 vc_sep_pos_align_center vc_separator_no_text vc_custom_1630997994488  vc_custom_1630997994488\" ><span class=\"vc_sep_holder vc_sep_holder_l\"><span  style=\"border-color:#adabab;\" class=\"vc_sep_line\"><\/span><\/span><span class=\"vc_sep_holder vc_sep_holder_r\"><span  style=\"border-color:#adabab;\" class=\"vc_sep_line\"><\/span><\/span>\n<\/div><div class=\"vc_row wpb_row vc_inner vc_row-fluid\"><div class=\"wpb_column vc_column_container vc_col-sm-4\"><div class=\"vc_column-inner vc_custom_1630982390154\"><div class=\"wpb_wrapper\">\n\t<div class=\"wpb_text_column wpb_content_element\" >\n\t\t<div class=\"wpb_wrapper\">\n\t\t\t<p style=\"color: #adabab; font-size: 12px; font-weight: 400; text-align: left;\">Euro Logistics Ltd Sp. z o.o.<br \/>\nul. Jab\u0142oniowa 20\/413 ,80-175 Gda\u0144sk<\/p>\n\n\t\t<\/div>\n\t<\/div>\n<\/div><\/div><\/div><div class=\"wpb_column vc_column_container vc_col-sm-4\"><div class=\"vc_column-inner vc_custom_1630982396272\"><div class=\"wpb_wrapper\">\n\t<div class=\"wpb_text_column wpb_content_element\" >\n\t\t<div class=\"wpb_wrapper\">\n\t\t\t<p style=\"color: #adabab; font-size: 12px; font-weight: 400; text-align: left;\">TIN 957-091-96-67<br> REGON 220062568<br \/>\nDistrict Court Gda\u0144sk North<\/p>\n\n\t\t<\/div>\n\t<\/div>\n<\/div><\/div><\/div><div class=\"wpb_column vc_column_container vc_col-sm-4\"><div class=\"vc_column-inner vc_custom_1630982402256\"><div class=\"wpb_wrapper\">\n\t<div class=\"wpb_text_column wpb_content_element\" >\n\t\t<div class=\"wpb_wrapper\">\n\t\t\t<p style=\"color: #adabab; font-size: 12px; font-weight: 400; text-align: left;\">Commercial Division of the<br>\nNational Court Register  0000242033<br \/>\nShare capital 50 000 PLN<\/p>\n\n\t\t<\/div>\n\t<\/div>\n<\/div><\/div><\/div><\/div>\n\t<div class=\"wpb_text_column wpb_content_element  vc_custom_1631060340013\" >\n\t\t<div class=\"wpb_wrapper\">\n\t\t\t<p style=\"color: #adabab; font-size: 12px; font-weight: 400; text-align: left;\">Copyright \u00a9 2021 Euro Logistics LTD | Realizacja <a href=\"https:\/\/netby.pl\/\" target=\"_blank\" rel=\"noopener\">Netby<\/a><\/p>\n\n\t\t<\/div>\n\t<\/div>\n<\/div><\/div><\/div><\/div><div class=\"vc_row-full-width vc_clearfix\"><\/div>","protected":false},"excerpt":{"rendered":"Klauzula informacyjna Informacje o przetwarzaniu danych osobowych z formularza kontaktowego przez EURO LOGISTICS LTD. SP\u00d3\u0141KA Z OGRANICZON\u0104 ODPOWIEDZIALNO\u015aCI\u0104 Obowi\u0105zek informacyjny wynikaj\u0105cy z art. 13 ust. 1 i ust. 2 Rozporz\u0105dzenia Parlamentu Europejskiego i Rady (UE) 2016\/679 z dnia 27 kwietnia 2016 r. w sprawie ochrony os\u00f3b fizycznych w zwi\u0105zku z przetwarzaniem danych osobowych i w [...]","protected":false},"author":2,"featured_media":0,"parent":0,"menu_order":0,"comment_status":"closed","ping_status":"closed","template":"","meta":{"footnotes":""},"class_list":["post-2466","page","type-page","status-publish","hentry"],"_links":{"self":[{"href":"http:\/\/www.eurologisticsltd.com.pl\/en\/wp-json\/wp\/v2\/pages\/2466","targetHints":{"allow":["GET"]}}],"collection":[{"href":"http:\/\/www.eurologisticsltd.com.pl\/en\/wp-json\/wp\/v2\/pages"}],"about":[{"href":"http:\/\/www.eurologisticsltd.com.pl\/en\/wp-json\/wp\/v2\/types\/page"}],"author":[{"embeddable":true,"href":"http:\/\/www.eurologisticsltd.com.pl\/en\/wp-json\/wp\/v2\/users\/2"}],"replies":[{"embeddable":true,"href":"http:\/\/www.eurologisticsltd.com.pl\/en\/wp-json\/wp\/v2\/comments?post=2466"}],"version-history":[{"count":7,"href":"http:\/\/www.eurologisticsltd.com.pl\/en\/wp-json\/wp\/v2\/pages\/2466\/revisions"}],"predecessor-version":[{"id":2661,"href":"http:\/\/www.eurologisticsltd.com.pl\/en\/wp-json\/wp\/v2\/pages\/2466\/revisions\/2661"}],"wp:attachment":[{"href":"http:\/\/www.eurologisticsltd.com.pl\/en\/wp-json\/wp\/v2\/media?parent=2466"}],"curies":[{"name":"wp","href":"https:\/\/api.w.org\/{rel}","templated":true}]}}