{"id":2410,"date":"2021-09-08T01:30:56","date_gmt":"2021-09-08T01:30:56","guid":{"rendered":"http:\/\/eurologistics.home.pl\/eurologistics_wp\/?page_id=2410"},"modified":"2021-09-21T08:52:55","modified_gmt":"2021-09-21T08:52:55","slug":"polityka-prywatnosci","status":"publish","type":"page","link":"http:\/\/www.eurologisticsltd.com.pl\/pl\/polityka-prywatnosci\/","title":{"rendered":"Polityka prywatno\u015bci"},"content":{"rendered":"<div class=\"vc_row wpb_row vc_row-fluid\"><div class=\"text wpb_column vc_column_container vc_col-sm-12\"><div class=\"vc_column-inner\"><div class=\"wpb_wrapper\">\n\t<div class=\"wpb_text_column wpb_content_element \" >\n\t\t<div class=\"wpb_wrapper\">\n\t\t\t<div style=\"font-size: 16px;\">\n<h2><b>Polityka prywatno\u015bci\u00a0<\/b><\/h2>\n<h4><b>1. Informacje og\u00f3lne<\/b><\/h4>\n<p>Niniejsza polityka dotyczy Serwisu www, funkcjonuj\u0105cego pod adresem url: <b>eurologisticsltd.com.pl<\/b><\/p>\n<p>Operatorem serwisu oraz Administratorem danych osobowych jest: EURO LOGISTICS LTD. SP\u00d3\u0141KA Z OGRANICZON\u0104 ODPOWIEDZIALNO\u015aCI\u0104 Jab\u0142oniowa 20 \/ 413, 80-175 Gda\u0144sk, Polska<\/p>\n<p>Adres kontaktowy poczty elektronicznej operatora: biuro@eurologisticsltd.com.pl<\/p>\n<p>Operator jest Administratorem Twoich danych osobowych w odniesieniu do danych podanych dobrowolnie w Serwisie.<\/p>\n<p>Serwis wykorzystuje dane osobowe w nast\u0119puj\u0105cych celach:<\/p>\n<ul>\n<li>Obs\u0142uga zapyta\u0144 przez formularz<\/li>\n<li>Prezentacja oferty lub informacji<\/li>\n<\/ul>\n<p>Serwis realizuje funkcje pozyskiwania informacji o u\u017cytkownikach i ich zachowaniu w nast\u0119puj\u0105cy spos\u00f3b:<\/p>\n<ul>\n<li>Poprzez dobrowolnie wprowadzone w formularzach dane, kt\u00f3re zostaj\u0105 wprowadzone do system\u00f3w Operatora.<\/li>\n<li>Poprzez zapisywanie w urz\u0105dzeniach ko\u0144cowych plik\u00f3w cookie (tzw. \u201eciasteczka\u201d).<\/li>\n<\/ul>\n<h4><b>2. Wybrane metody ochrony danych stosowane przez Operatora<\/b><\/h4>\n<p>Operator okresowo zmienia swoje has\u0142a administracyjne.<\/p>\n<p>W celu ochrony danych Operator regularnie wykonuje kopie bezpiecze\u0144stwa.<\/p>\n<p>Istotnym elementem ochrony danych jest regularna aktualizacja wszelkiego oprogramowania, wykorzystywanego przez Operatora do przetwarzania danych osobowych, co w szczeg\u00f3lno\u015bci oznacza regularne aktualizacje komponent\u00f3w programistycznych.<\/p>\n<h4><b>3. Hosting<\/b><\/h4>\n<p>Serwis jest hostowany (technicznie utrzymywany) na serwera operatora: inna firma<\/p>\n<h4><b>4. Twoje prawa i dodatkowe informacje o sposobie wykorzystania danych<\/b><\/h4>\n<p>W niekt\u00f3rych sytuacjach Administrator ma prawo przekazywa\u0107 Twoje dane osobowe innym odbiorcom, je\u015bli b\u0119dzie to niezb\u0119dne do wykonania zawartej z Tob\u0105 umowy lub do zrealizowania obowi\u0105zk\u00f3w ci\u0105\u017c\u0105cych na Administratorze. Dotyczy to takich grup odbiorc\u00f3w:<\/p>\n<ul>\n<li>firma hostingowa na zasadzie powierzenia<\/li>\n<li>operatorzy pocztowi<\/li>\n<li>upowa\u017cnieni pracownicy i wsp\u00f3\u0142pracownicy, kt\u00f3rzy korzystaj\u0105 z danych w celu realizacji celu dzia\u0142ania strony<\/li>\n<li>firmy, \u015bwiadcz\u0105ce us\u0142ugi marketingu na rzecz Administratora<\/li>\n<\/ul>\n<p>Twoje dane osobowe przetwarzane przez Administratora nie d\u0142u\u017cej, ni\u017c jest to konieczne do wykonania zwi\u0105zanych z nimi czynno\u015bci okre\u015blonych osobnymi przepisami (np. o prowadzeniu rachunkowo\u015bci). W odniesieniu do danych marketingowych dane nie b\u0119d\u0105 przetwarzane d\u0142u\u017cej ni\u017c przez 3 lata.<\/p>\n<p>Przys\u0142uguje Ci prawo \u017c\u0105dania od Administratora:<\/p>\n<ul>\n<li>dost\u0119pu do danych osobowych Ciebie dotycz\u0105cych,<\/li>\n<li>ich sprostowania,<\/li>\n<li>usuni\u0119cia,<\/li>\n<li>ograniczenia przetwarzania,<\/li>\n<li>oraz przenoszenia danych.<\/li>\n<\/ul>\n<p>Przys\u0142uguje Ci prawo do z\u0142o\u017cenia sprzeciwu w zakresie przetwarzania wskazanego w pkt 3.3 c) wobec przetwarzania danych osobowych w celu wykonania prawnie uzasadnionych interes\u00f3w realizowanych przez Administratora, w tym profilowania, przy czym prawo sprzeciwu nie b\u0119dzie mog\u0142o by\u0107 wykonane w przypadku istnienia wa\u017cnych prawnie uzasadnionych podstaw do przetwarzania, nadrz\u0119dnych wobec Ciebie interes\u00f3w, praw i wolno\u015bci, w szczeg\u00f3lno\u015bci ustalenia, dochodzenia lub obrony roszcze\u0144.<\/p>\n<p>Na dzia\u0142ania Administratora przys\u0142uguje skarga do Prezesa Urz\u0119du Ochrony Danych Osobowych, ul. Stawki 2, 00-193 Warszawa.<\/p>\n<p>Podanie danych osobowych jest dobrowolne, lecz niezb\u0119dne do obs\u0142ugi Serwisu.<\/p>\n<p>W stosunku do Ciebie mog\u0105 by\u0107 podejmowane czynno\u015bci polegaj\u0105ce na zautomatyzowanym podejmowaniu decyzji, w tym profilowaniu w celu \u015bwiadczenia us\u0142ug w ramach zawartej umowy oraz w celu prowadzenia przez Administratora marketingu bezpo\u015bredniego.<\/p>\n<p>Dane osobowe nie s\u0105 przekazywane od kraj\u00f3w trzecich w rozumieniu przepis\u00f3w o ochronie danych osobowych. Oznacza to, \u017ce nie przesy\u0142amy ich poza teren Unii Europejskiej.<\/p>\n<h4><b>5. Informacje w formularzach<\/b><\/h4>\n<p>Serwis zbiera informacje podane dobrowolnie przez u\u017cytkownika, w tym dane osobowe, o ile zostan\u0105 one podane.<\/p>\n<p>Serwis mo\u017ce zapisa\u0107 informacje o parametrach po\u0142\u0105czenia (oznaczenie czasu, adres IP).<\/p>\n<p>Serwis, w niekt\u00f3rych wypadkach, mo\u017ce zapisa\u0107 informacj\u0119 u\u0142atwiaj\u0105c\u0105 powi\u0105zanie danych w formularzu z adresem e-mail u\u017cytkownika wype\u0142niaj\u0105cego formularz. W takim wypadku adres e-mail u\u017cytkownika pojawia si\u0119 wewn\u0105trz adresu url strony zawieraj\u0105cej formularz.<\/p>\n<p>Dane podane w formularzu s\u0105 przetwarzane w celu wynikaj\u0105cym z funkcji konkretnego formularza, np. w celu dokonania procesu obs\u0142ugi zg\u0142oszenia serwisowego lub kontaktu handlowego, rejestracji us\u0142ug itp. Ka\u017cdorazowo kontekst i opis formularza w czytelny spos\u00f3b informuje, do czego on s\u0142u\u017cy.<\/p>\n<h4><b>6. Logi Administratora<\/b><\/h4>\n<p>Informacje zachowaniu u\u017cytkownik\u00f3w w serwisie mog\u0105 podlega\u0107 logowaniu. Dane te s\u0105 wykorzystywane w celu administrowania serwisem.<\/p>\n<h4><b>7. Istotne techniki marketingowe<\/b><\/h4>\n<p>Operator stosuje analiz\u0119 statystyczn\u0105 ruchu na stronie, poprzez Google Analytics (Google Inc. z siedzib\u0105 w USA). Operator nie przekazuje do operatora tej us\u0142ugi danych osobowych, a jedynie zanonimizowane informacje. Us\u0142uga bazuje na wykorzystaniu ciasteczek w urz\u0105dzeniu ko\u0144cowym u\u017cytkownika. W zakresie informacji o preferencjach u\u017cytkownika gromadzonych przez sie\u0107 reklamow\u0105 Google u\u017cytkownik mo\u017ce przegl\u0105da\u0107 i edytowa\u0107 informacje wynikaj\u0105ce z plik\u00f3w cookies przy pomocy narz\u0119dzia: https:\/\/www.google.com\/ads\/preferences\/<\/p>\n<h4><b>8. Informacja o plikach cookies<\/b><\/h4>\n<p>Serwis korzysta z plik\u00f3w cookies.<\/p>\n<p>Pliki cookies (tzw. \u201eciasteczka\u201d) stanowi\u0105 dane informatyczne, w szczeg\u00f3lno\u015bci pliki tekstowe, kt\u00f3re przechowywane s\u0105 w urz\u0105dzeniu ko\u0144cowym U\u017cytkownika Serwisu i przeznaczone s\u0105 do korzystania ze stron internetowych Serwisu. Cookies zazwyczaj zawieraj\u0105 nazw\u0119 strony internetowej, z kt\u00f3rej pochodz\u0105, czas przechowywania ich na urz\u0105dzeniu ko\u0144cowym oraz unikalny numer.<\/p>\n<p>Podmiotem zamieszczaj\u0105cym na urz\u0105dzeniu ko\u0144cowym U\u017cytkownika Serwisu pliki cookies oraz uzyskuj\u0105cym do nich dost\u0119p jest operator Serwisu.<\/p>\n<p>Pliki cookies wykorzystywane s\u0105 w nast\u0119puj\u0105cych celach:<\/p>\n<ul>\n<li>utrzymanie sesji u\u017cytkownika Serwisu (po zalogowaniu), dzi\u0119ki kt\u00f3rej u\u017cytkownik nie musi na ka\u017cdej podstronie Serwisu ponownie wpisywa\u0107 loginu i has\u0142a;<\/li>\n<li>realizacji cel\u00f3w okre\u015blonych powy\u017cej w cz\u0119\u015bci &#8220;Istotne techniki marketingowe&#8221;;<\/li>\n<\/ul>\n<p>W ramach Serwisu stosowane s\u0105 dwa zasadnicze rodzaje plik\u00f3w cookies: \u201esesyjne\u201d (session cookies) oraz \u201esta\u0142e\u201d (persistent cookies). Cookies \u201esesyjne\u201d s\u0105 plikami tymczasowymi, kt\u00f3re przechowywane s\u0105 w urz\u0105dzeniu ko\u0144cowym U\u017cytkownika do czasu wylogowania, opuszczenia strony internetowej lub wy\u0142\u0105czenia oprogramowania (przegl\u0105darki internetowej). \u201eSta\u0142e\u201d pliki cookies przechowywane s\u0105 w urz\u0105dzeniu ko\u0144cowym U\u017cytkownika przez czas okre\u015blony w parametrach plik\u00f3w cookies lub do czasu ich usuni\u0119cia przez U\u017cytkownika.<\/p>\n<p>Oprogramowanie do przegl\u0105dania stron internetowych (przegl\u0105darka internetowa) zazwyczaj domy\u015blnie dopuszcza przechowywanie plik\u00f3w cookies w urz\u0105dzeniu ko\u0144cowym U\u017cytkownika. U\u017cytkownicy Serwisu mog\u0105 dokona\u0107 zmiany ustawie\u0144 w tym zakresie. Przegl\u0105darka internetowa umo\u017cliwia usuni\u0119cie plik\u00f3w cookies. Mo\u017cliwe jest tak\u017ce automatyczne blokowanie plik\u00f3w cookies Szczeg\u00f3\u0142owe informacje na ten temat zawiera pomoc lub dokumentacja przegl\u0105darki internetowej.<\/p>\n<p>Ograniczenia stosowania plik\u00f3w cookies mog\u0105 wp\u0142yn\u0105\u0107 na niekt\u00f3re funkcjonalno\u015bci dost\u0119pne na stronach internetowych Serwisu.<\/p>\n<p>Pliki cookies zamieszczane w urz\u0105dzeniu ko\u0144cowym U\u017cytkownika Serwisu wykorzystywane mog\u0105 by\u0107 r\u00f3wnie\u017c przez wsp\u00f3\u0142pracuj\u0105ce z operatorem Serwisu podmioty, w szczeg\u00f3lno\u015bci dotyczy to firm: Google (Google Inc. z siedzib\u0105 w USA), Facebook (Facebook Inc. z siedzib\u0105 w USA), Twitter (Twitter Inc. z siedzib\u0105 w USA).<\/p>\n<h4><b>9. Zarz\u0105dzanie plikami cookies \u2013 jak w praktyce wyra\u017ca\u0107 i cofa\u0107 zgod\u0119?<\/b><\/h4>\n<p>Je\u015bli u\u017cytkownik nie chce otrzymywa\u0107 plik\u00f3w cookies, mo\u017ce zmieni\u0107 ustawienia przegl\u0105darki. Zastrzegamy, \u017ce wy\u0142\u0105czenie obs\u0142ugi plik\u00f3w cookies niezb\u0119dnych dla proces\u00f3w uwierzytelniania, bezpiecze\u0144stwa, utrzymania preferencji u\u017cytkownika mo\u017ce utrudni\u0107, a w skrajnych przypadkach mo\u017ce uniemo\u017cliwi\u0107 korzystanie ze stron www<\/p>\n<p>W celu zarz\u0105dzania ustawienia cookies wybierz z listy poni\u017cej przegl\u0105dark\u0119 internetow\u0105, kt\u00f3rej u\u017cywasz i post\u0119puj zgodnie z instrukcjami:<\/p>\n<ul>\n<li><a href=\"https:\/\/support.microsoft.com\/pl-pl\/help\/10607\/microsoft-edge-view-delete-browser-history\" target=\"_blank\" rel=\"noopener\">Edge<\/a><\/li>\n<li><a href=\"https:\/\/support.microsoft.com\/pl-pl\/help\/278835\/how-to-delete-cookie-files-in-internet-explorer\" target=\"_blank\" rel=\"noopener\">Internet Explorer<\/a><\/li>\n<li><a href=\"http:\/\/support.google.com\/chrome\/bin\/answer.py?hl=pl&amp;answer=95647\" target=\"_blank\" rel=\"noopener\">Chrome<\/a><\/li>\n<li><a href=\"http:\/\/support.apple.com\/kb\/PH5042\" target=\"_blank\" rel=\"noopener\">Safari<\/a><\/li>\n<li><a href=\"http:\/\/support.mozilla.org\/pl\/kb\/W%C5%82%C4%85czanie%20i%20wy%C5%82%C4%85czanie%20obs%C5%82ugi%20ciasteczek\" target=\"_blank\" rel=\"noopener\">Firefox<\/a><\/li>\n<li><a href=\"http:\/\/help.opera.com\/Windows\/12.10\/pl\/cookies.html\" target=\"_blank\" rel=\"noopener\">Opera<\/a><\/li>\n<\/ul>\n<p>Urz\u0105dzenia mobilne:<\/p>\n<ul>\n<li><a href=\"http:\/\/support.google.com\/chrome\/bin\/answer.py?hl=pl&amp;answer=95647\" target=\"_blank\" rel=\"noopener\">Android<\/a><\/li>\n<li><a href=\"http:\/\/support.apple.com\/kb\/HT1677?viewlocale=pl_PL\" target=\"_blank\" rel=\"noopener\">Safari (iOS)<\/a><\/li>\n<li><a href=\"http:\/\/www.windowsphone.com\/pl-pl\/how-to\/wp7\/web\/changing-privacy-and-other-browser-settings\" target=\"_blank\" rel=\"noopener\">Windows Phone<\/a><\/li>\n<\/ul>\n<\/div>\n\n\t\t<\/div>\n\t<\/div>\n<\/div><\/div><\/div><\/div><div data-vc-full-width=\"true\" data-vc-full-width-init=\"false\" class=\"vc_row wpb_row vc_row-fluid vc_custom_1630981019821 vc_row-has-fill\"><div class=\"wpb_column vc_column_container vc_col-sm-2\/5\"><div class=\"vc_column-inner vc_custom_1630982343275\"><div class=\"wpb_wrapper\">\n\t<div  class=\"wpb_single_image wpb_content_element vc_align_center  inherit\">\n\t\t\n\t\t<figure class=\"wpb_wrapper vc_figure\">\n\t\t\t<div class=\"vc_single_image-wrapper default  vc_box_border_grey\"><img loading=\"lazy\" decoding=\"async\" width=\"360\" height=\"90\" src=\"http:\/\/www.eurologisticsltd.com.pl\/wp-content\/uploads\/2021\/09\/logo.png\" class=\"vc_single_image-img attachment-large\" alt=\"\" srcset=\"http:\/\/www.eurologisticsltd.com.pl\/wp-content\/uploads\/2021\/09\/logo.png 360w, http:\/\/www.eurologisticsltd.com.pl\/wp-content\/uploads\/2021\/09\/logo-18x5.png 18w\" sizes=\"auto, (max-width: 360px) 100vw, 360px\" \/><\/div>\n\t\t<\/figure>\n\t<\/div>\n<\/div><\/div><\/div><div class=\"wpb_column vc_column_container vc_col-sm-1\/5\"><div class=\"vc_column-inner vc_custom_1630982350230\"><div class=\"wpb_wrapper\">\n<div id=\"cms-heading\" class=\"cms-heading foot-top-head  \" >\n    <div class=\"title-heading\">\n        <p class=\"heading-tag\" style=\"color:#020202;font-size:14px;font-weight:700; \">\n            KIM JESTE\u015aMY        <\/p>\n    <\/div>\n<\/div>\n<div  class=\"vc_wp_custommenu wpb_content_element foot-top-menu\"><div class=\"widget widget_nav_menu\"><div class=\"menu-footer-menu-1-container\"><ul id=\"menu-footer-menu-1\" class=\"menu\"><li id=\"menu-item-1586\" class=\"menu-item menu-item-type-post_type menu-item-object-page menu-item-1586\"><a href=\"http:\/\/www.eurologisticsltd.com.pl\/pl\/o-firmie\/\">O firmie<\/a><\/li>\n<li id=\"menu-item-1589\" class=\"menu-item menu-item-type-post_type menu-item-object-page menu-item-1589\"><a href=\"http:\/\/www.eurologisticsltd.com.pl\/pl\/kontakt\/\">Kontakt<\/a><\/li>\n<\/ul><\/div><\/div><\/div><\/div><\/div><\/div><div class=\"wpb_column vc_column_container vc_col-sm-1\/5\"><div class=\"vc_column-inner vc_custom_1630982358861\"><div class=\"wpb_wrapper\">\n<div id=\"cms-heading-2\" class=\"cms-heading foot-top-head  \" >\n    <div class=\"title-heading\">\n        <p class=\"heading-tag\" style=\"color:#020202;font-size:14px;font-weight:700; \">\n            NASZE US\u0141UGI        <\/p>\n    <\/div>\n<\/div>\n<div  class=\"vc_wp_custommenu wpb_content_element foot-top-menu\"><div class=\"widget widget_nav_menu\"><div class=\"menu-footer-menu-2-container\"><ul id=\"menu-footer-menu-2\" class=\"menu\"><li id=\"menu-item-2004\" class=\"menu-item menu-item-type-custom menu-item-object-custom menu-item-2004\"><a href=\"\/single-slug\/transport-drogowy\/\">Transport drogowy<\/a><\/li>\n<li id=\"menu-item-2005\" class=\"menu-item menu-item-type-custom menu-item-object-custom menu-item-2005\"><a href=\"\/single-slug\/transport-morski\/\">Transport morski<\/a><\/li>\n<li id=\"menu-item-2006\" class=\"menu-item menu-item-type-custom menu-item-object-custom menu-item-2006\"><a href=\"\/single-slug\/transport-ponadgabarytowy\/\">Transport ponadgabarytowy<\/a><\/li>\n<\/ul><\/div><\/div><\/div><\/div><\/div><\/div><div class=\"wpb_column vc_column_container vc_col-sm-1\/5\"><div class=\"vc_column-inner vc_custom_1630982365085\"><div class=\"wpb_wrapper\">\n<div id=\"cms-heading-3\" class=\"cms-heading foot-top-head  \" >\n    <div class=\"title-heading\">\n        <p class=\"heading-tag\" style=\"color:#020202;font-size:14px;font-weight:700; \">\n            INFORMACJE        <\/p>\n    <\/div>\n<\/div>\n<div  class=\"vc_wp_custommenu wpb_content_element foot-top-menu\"><div class=\"widget widget_nav_menu\"><div class=\"menu-footer-menu-3-container\"><ul id=\"menu-footer-menu-3\" class=\"menu\"><li id=\"menu-item-2464\" class=\"menu-item menu-item-type-post_type menu-item-object-page menu-item-2464\"><a href=\"http:\/\/www.eurologisticsltd.com.pl\/pl\/odprawa-celna\/\">Odprawa celna<\/a><\/li>\n<li id=\"menu-item-2535\" class=\"menu-item menu-item-type-custom menu-item-object-custom menu-item-2535\"><a href=\"\/wycena-transportu\/#download-button\">Do pobrania<\/a><\/li>\n<li id=\"menu-item-2463\" class=\"menu-item menu-item-type-post_type menu-item-object-page menu-item-2463\"><a href=\"http:\/\/www.eurologisticsltd.com.pl\/pl\/polityka-prywatnosci\/\">Polityka prywatno\u015bci<\/a><\/li>\n<\/ul><\/div><\/div><\/div><\/div><\/div><\/div><div class=\"wpb_column vc_column_container vc_col-sm-12\"><div class=\"vc_column-inner\"><div class=\"wpb_wrapper\"><div class=\"vc_separator wpb_content_element vc_separator_align_center vc_sep_width_100 vc_sep_border_width_2 vc_sep_pos_align_center vc_separator_no_text vc_custom_1630997994488  vc_custom_1630997994488\" ><span class=\"vc_sep_holder vc_sep_holder_l\"><span  style=\"border-color:#adabab;\" class=\"vc_sep_line\"><\/span><\/span><span class=\"vc_sep_holder vc_sep_holder_r\"><span  style=\"border-color:#adabab;\" class=\"vc_sep_line\"><\/span><\/span>\n<\/div><div class=\"vc_row wpb_row vc_inner vc_row-fluid\"><div class=\"wpb_column vc_column_container vc_col-sm-4\"><div class=\"vc_column-inner vc_custom_1630982390154\"><div class=\"wpb_wrapper\">\n\t<div class=\"wpb_text_column wpb_content_element \" >\n\t\t<div class=\"wpb_wrapper\">\n\t\t\t<p style=\"color: #adabab; font-size: 12px; font-weight: 400; text-align: left;\">Euro Logistics Ltd Sp. z o.o.<br \/>\nul. Jab\u0142oniowa 20\/413 ,80-175 Gda\u0144sk<\/p>\n\n\t\t<\/div>\n\t<\/div>\n<\/div><\/div><\/div><div class=\"wpb_column vc_column_container vc_col-sm-4\"><div class=\"vc_column-inner vc_custom_1630982396272\"><div class=\"wpb_wrapper\">\n\t<div class=\"wpb_text_column wpb_content_element \" >\n\t\t<div class=\"wpb_wrapper\">\n\t\t\t<p style=\"color: #adabab; font-size: 12px; font-weight: 400; text-align: left;\">NIP 957-091-96-67 Regon 220062568<br \/>\nS\u0105d Rejonowy Gda\u0144sk P\u00f3\u0142noc<\/p>\n\n\t\t<\/div>\n\t<\/div>\n<\/div><\/div><\/div><div class=\"wpb_column vc_column_container vc_col-sm-4\"><div class=\"vc_column-inner vc_custom_1630982402256\"><div class=\"wpb_wrapper\">\n\t<div class=\"wpb_text_column wpb_content_element \" >\n\t\t<div class=\"wpb_wrapper\">\n\t\t\t<p style=\"color: #adabab; font-size: 12px; font-weight: 400; text-align: left;\">VII Wydzia\u0142 Gospodarczy KRS 0000242033<br \/>\nKapita\u0142 zak\u0142adowy 50 000 pln<\/p>\n\n\t\t<\/div>\n\t<\/div>\n<\/div><\/div><\/div><\/div>\n\t<div class=\"wpb_text_column wpb_content_element  vc_custom_1631060340013\" >\n\t\t<div class=\"wpb_wrapper\">\n\t\t\t<p style=\"color: #adabab; font-size: 12px; font-weight: 400; text-align: left;\">Copyright \u00a9 2021 Euro Logistics LTD | Realizacja <a href=\"https:\/\/netby.pl\/\" target=\"_blank\" rel=\"noopener\">Netby<\/a><\/p>\n\n\t\t<\/div>\n\t<\/div>\n<\/div><\/div><\/div><\/div><div class=\"vc_row-full-width vc_clearfix\"><\/div>\n","protected":false},"excerpt":{"rendered":"Polityka prywatno\u015bci\u00a0 1. Informacje og\u00f3lne Niniejsza polityka dotyczy Serwisu www, funkcjonuj\u0105cego pod adresem url: eurologisticsltd.com.pl Operatorem serwisu oraz Administratorem danych osobowych jest: EURO LOGISTICS LTD. SP\u00d3\u0141KA Z OGRANICZON\u0104 ODPOWIEDZIALNO\u015aCI\u0104 Jab\u0142oniowa 20 \/ 413, 80-175 Gda\u0144sk, Polska Adres kontaktowy poczty elektronicznej operatora: biuro@eurologisticsltd.com.pl Operator jest Administratorem Twoich danych osobowych w odniesieniu do danych podanych dobrowolnie w [...]","protected":false},"author":2,"featured_media":0,"parent":0,"menu_order":0,"comment_status":"closed","ping_status":"closed","template":"","meta":{"footnotes":""},"class_list":["post-2410","page","type-page","status-publish","hentry"],"_links":{"self":[{"href":"http:\/\/www.eurologisticsltd.com.pl\/pl\/wp-json\/wp\/v2\/pages\/2410","targetHints":{"allow":["GET"]}}],"collection":[{"href":"http:\/\/www.eurologisticsltd.com.pl\/pl\/wp-json\/wp\/v2\/pages"}],"about":[{"href":"http:\/\/www.eurologisticsltd.com.pl\/pl\/wp-json\/wp\/v2\/types\/page"}],"author":[{"embeddable":true,"href":"http:\/\/www.eurologisticsltd.com.pl\/pl\/wp-json\/wp\/v2\/users\/2"}],"replies":[{"embeddable":true,"href":"http:\/\/www.eurologisticsltd.com.pl\/pl\/wp-json\/wp\/v2\/comments?post=2410"}],"version-history":[{"count":48,"href":"http:\/\/www.eurologisticsltd.com.pl\/pl\/wp-json\/wp\/v2\/pages\/2410\/revisions"}],"predecessor-version":[{"id":2660,"href":"http:\/\/www.eurologisticsltd.com.pl\/pl\/wp-json\/wp\/v2\/pages\/2410\/revisions\/2660"}],"wp:attachment":[{"href":"http:\/\/www.eurologisticsltd.com.pl\/pl\/wp-json\/wp\/v2\/media?parent=2410"}],"curies":[{"name":"wp","href":"https:\/\/api.w.org\/{rel}","templated":true}]}}