{"id":30,"date":"2019-03-02T03:10:48","date_gmt":"2019-03-02T03:10:48","guid":{"rendered":"https:\/\/demo.farost.net\/logisti\/?page_id=30"},"modified":"2021-09-21T08:48:18","modified_gmt":"2021-09-21T08:48:18","slug":"o-firmie","status":"publish","type":"page","link":"http:\/\/www.eurologisticsltd.com.pl\/pl\/o-firmie\/","title":{"rendered":"O firmie"},"content":{"rendered":"<div class=\"vc_row wpb_row vc_row-fluid vc_custom_1556338624154 row-overflow-unset\"><div class=\"wpb_column vc_column_container vc_col-sm-7\"><div class=\"vc_column-inner\"><div class=\"wpb_wrapper\">\n<div id=\"cms-heading\" class=\"cms-heading close-spacing  \" >\n    <div class=\"title-heading\">\n        <h2 class=\"heading-tag\" style=\"color:#000000;font-size:42px;line-height:57px;font-weight:700; \">\n            Euro Logistics Ltd to firma spedycyjna z Gda\u0144ska z ponad 20-letnim do\u015bwiadczeniem.        <\/h2>\n    <\/div>\n<\/div>\n\n\t<div class=\"wpb_text_column wpb_content_element  vc_custom_1630995886085\" >\n\t\t<div class=\"wpb_wrapper\">\n\t\t\t<p style=\"color: #000000; font-size: 16px; font-weight: 600;\">Dzia\u0142amy od 2000 roku<\/p>\n\n\t\t<\/div>\n\t<\/div>\n<div class=\"vc_row wpb_row vc_inner vc_row-fluid vc_custom_1630989795832\"><div class=\"wpb_column vc_column_container vc_col-sm-12\"><div class=\"vc_column-inner\"><div class=\"wpb_wrapper\">\n\t<div class=\"wpb_text_column wpb_content_element  vc_custom_1631645524884\" >\n\t\t<div class=\"wpb_wrapper\">\n\t\t\t<p style=\"color: #9b9898; font-size: 16px; font-weight: 400;\">Jeste\u015bmy firm\u0105 spedycyjn\u0105 z Gda\u0144ska z ponad 20-letnim do\u015bwiadczeniem. Stale pomagamy naszym klientom w transporcie \u0142adunk\u00f3w w Polsce, jak i na ca\u0142ym \u015bwiecie. \u015awiadczymy kompleksowe us\u0142ugi, dzi\u0119ki kt\u00f3rym klienci nie musz\u0105 martwi\u0107 si\u0119 o formalno\u015bci oraz procedury celne.<\/p>\n<p style=\"color: #9b9898; font-size: 16px; font-weight: 400;\">Zapewniamy us\u0142ugi z zakresu transportu drogowego, morskiego oraz ponadgabarytowego. Dzi\u0119ki naszym partnerom realizujemy przew\u00f3z kontenerowy zar\u00f3wno FTL, jak i LTL do wszystkich kraj\u00f3w \u015bwiata.<\/p>\n\n\t\t<\/div>\n\t<\/div>\n<\/div><\/div><\/div><\/div><div class=\"vc_row wpb_row vc_inner vc_row-fluid vc_custom_1630995542720\"><div class=\"wpb_column vc_column_container vc_col-sm-4\"><div class=\"vc_column-inner\"><div class=\"wpb_wrapper\"><div class=\"vc_icon_element vc_icon_element-outer vc_icon_element-align-left vc_icon_element-have-style\"><div class=\"vc_icon_element-inner vc_icon_element-color-custom vc_icon_element-have-style-inner vc_icon_element-size-lg vc_icon_element-style-rounded-outline vc_icon_element-outline vc_icon_element-background-color-custom\"  style=\"border-color:#adabab\"><span class=\"vc_icon_element-icon far fa-calendar-alt\" style=\"color:#11ad3d !important\"><\/span><\/div><\/div>\n<div id=\"cms-heading-2\" class=\"cms-heading   \" >\n    <div class=\"title-heading\">\n        <p class=\"heading-tag\" style=\"color:#020202;font-size:16px;font-weight:700; \">\n            Ponad 20 letnie do\u015bwiadczenie        <\/p>\n    <\/div>\n<\/div>\n\n\t<div class=\"wpb_text_column wpb_content_element \" >\n\t\t<div class=\"wpb_wrapper\">\n\t\t\t<p style=\"color: #9b9898; font-size: 16px; font-weight: 400;\">Zaufaj specjalistom, kt\u00f3rzy od 20 lat dbaj\u0105 o profesjonalny transport \u0142adunk\u00f3w.<\/p>\n\n\t\t<\/div>\n\t<\/div>\n<\/div><\/div><\/div><div class=\"wpb_column vc_column_container vc_col-sm-4\"><div class=\"vc_column-inner\"><div class=\"wpb_wrapper\"><div class=\"vc_icon_element vc_icon_element-outer vc_icon_element-align-left vc_icon_element-have-style\"><div class=\"vc_icon_element-inner vc_icon_element-color-custom vc_icon_element-have-style-inner vc_icon_element-size-lg vc_icon_element-style-rounded-outline vc_icon_element-outline vc_icon_element-background-color-custom\"  style=\"border-color:#adabab\"><span class=\"vc_icon_element-icon fas fa-globe-americas\" style=\"color:#11ad3d !important\"><\/span><\/div><\/div>\n<div id=\"cms-heading-3\" class=\"cms-heading   \" >\n    <div class=\"title-heading\">\n        <p class=\"heading-tag\" style=\"color:#020202;font-size:16px;font-weight:700; \">\n            Transport do wszystkich kraj\u00f3w \u015bwiata        <\/p>\n    <\/div>\n<\/div>\n\n\t<div class=\"wpb_text_column wpb_content_element \" >\n\t\t<div class=\"wpb_wrapper\">\n\t\t\t<p style=\"color: #9b9898; font-size: 16px; font-weight: 400;\">Dostarczamy \u0142adunki na terenie ca\u0142ej Europy oraz do wszystkich kraj\u00f3w \u015bwiata.<\/p>\n\n\t\t<\/div>\n\t<\/div>\n<\/div><\/div><\/div><div class=\"wpb_column vc_column_container vc_col-sm-4\"><div class=\"vc_column-inner\"><div class=\"wpb_wrapper\"><div class=\"vc_icon_element vc_icon_element-outer vc_icon_element-align-left vc_icon_element-have-style\"><div class=\"vc_icon_element-inner vc_icon_element-color-custom vc_icon_element-have-style-inner vc_icon_element-size-lg vc_icon_element-style-rounded-outline vc_icon_element-outline vc_icon_element-background-color-custom\"  style=\"border-color:#adabab\"><span class=\"vc_icon_element-icon fas fa-handshake\" style=\"color:#11ad3d !important\"><\/span><\/div><\/div>\n<div id=\"cms-heading-4\" class=\"cms-heading   \" >\n    <div class=\"title-heading\">\n        <p class=\"heading-tag\" style=\"color:#020202;font-size:16px;font-weight:700; \">\n            Zaufani partnerzy na ca\u0142ym \u015bwiecie        <\/p>\n    <\/div>\n<\/div>\n\n\t<div class=\"wpb_text_column wpb_content_element \" >\n\t\t<div class=\"wpb_wrapper\">\n\t\t\t<p style=\"color: #9b9898; font-size: 16px; font-weight: 400;\">Wsp\u00f3\u0142pracujemy z firmami partnerskimi na ca\u0142ym \u015bwiecie.<\/p>\n\n\t\t<\/div>\n\t<\/div>\n<\/div><\/div><\/div><\/div><\/div><\/div><\/div><div class=\"wpb_column vc_column_container vc_col-sm-5\"><div class=\"vc_column-inner\"><div class=\"wpb_wrapper\">\n\t<div  class=\"wpb_single_image wpb_content_element vc_align_left  vc_custom_1631724739099  cms-single-image-load inherit\">\n\t\t\n\t\t<figure class=\"wpb_wrapper vc_figure\">\n\t\t\t<div class=\"vc_single_image-wrapper box-overlay-left  vc_box_border_grey\"><img loading=\"lazy\" decoding=\"async\" width=\"521\" height=\"600\" src=\"http:\/\/www.eurologisticsltd.com.pl\/wp-content\/uploads\/2021\/09\/about_img_1.webp\" class=\"vc_single_image-img attachment-full\" alt=\"\" srcset=\"http:\/\/www.eurologisticsltd.com.pl\/wp-content\/uploads\/2021\/09\/about_img_1.webp 521w, http:\/\/www.eurologisticsltd.com.pl\/wp-content\/uploads\/2021\/09\/about_img_1-10x12.webp 10w\" sizes=\"auto, (max-width: 521px) 100vw, 521px\" \/><\/div>\n\t\t<\/figure>\n\t<\/div>\n<\/div><\/div><\/div><\/div><div data-vc-full-width=\"true\" data-vc-full-width-init=\"false\" class=\"vc_row wpb_row vc_row-fluid vc_custom_1630996475369\"><div class=\"wpb_column vc_column_container vc_col-sm-6\"><div class=\"vc_column-inner\"><div class=\"wpb_wrapper\">\n    <div id=\"cms-heading-5\" class=\"cms-heading layout3   \" >\n                    <div class=\"subtitle\">\n                <p style=\"font-size:14px;margin-bottom:18px;color:#11ad3d;\">Poznaj nasze uslugi<\/p>\n            <\/div>\n                <div class=\"title-heading\">\n            <h2 class=\"heading-tag\" style=\"color:#020202;font-size:36px;line-height:46px;font-weight:700; \">\n            \u015awiadczymy us\u0142ugi transportowe na terenie Europy            <\/h2>\n        <\/div>\n    <\/div>\n\n<div class=\"cms-inline-css\" style=\"display:none\" data-css=\"    #cms-heading-5.layout3 .title-underline:after {\n        background-color: #ff5e14!important;\n    }\n    \"><\/div><\/div><\/div><\/div><div class=\"wpb_column vc_column_container vc_col-sm-6\"><div class=\"vc_column-inner\"><div class=\"wpb_wrapper\"><div id=\"cms-space-6a058e4b3b153\">\n    <div class=\"cms-inline-css\" style=\"display:none\" data-css=\"    @media screen and (min-width: 992px) {\n        #cms-space-6a058e4b3b153 .cms-space {\n            height: 50px;\n        }\n    }\n        @media (min-width: 768px) and (max-width: 991px) {\n        #cms-space-6a058e4b3b153 .cms-space {\n            height: 50px;\n        }\n    }\n    \"><\/div>\t<div class=\"cms-space\"><\/div>\n<\/div>\n\t<div class=\"wpb_text_column wpb_content_element \" >\n\t\t<div class=\"wpb_wrapper\">\n\t\t\t<p style=\"color: #9b9898; font-size: 20px; font-weight: 400;\">\u015awiadczymy kompleksowe us\u0142ugi z zakresu transportu drogowego, transportu morskiego oraz transportu ponadgabarytowego.<\/p>\n\n\t\t<\/div>\n\t<\/div>\n<\/div><\/div><\/div><\/div><div class=\"vc_row-full-width vc_clearfix\"><\/div><div class=\"vc_row wpb_row vc_row-fluid\"><div class=\"wpb_column vc_column_container vc_col-sm-12\"><div class=\"vc_column-inner\"><div class=\"wpb_wrapper\"><div id=\"cms-space-6a058e4b3b544\">\n    <div class=\"cms-inline-css\" style=\"display:none\" data-css=\"    @media screen and (min-width: 992px) {\n        #cms-space-6a058e4b3b544 .cms-space {\n            height: 116px;\n        }\n    }\n        @media (min-width: 768px) and (max-width: 991px) {\n        #cms-space-6a058e4b3b544 .cms-space {\n            height: 90px;\n        }\n    }\n        @media (min-width: 576px) and (max-width: 767px) {\n        #cms-space-6a058e4b3b544 .cms-space {\n            height: 90px;\n        }\n    }\n        @media screen and (max-width: 575px) {\n        #cms-space-6a058e4b3b544 .cms-space {\n            height: 90px;\n        }\n    }\n    \"><\/div>\t<div class=\"cms-space\"><\/div>\n<\/div><div id=\"cms-services-grid\" class=\"cms-grid cms-services-grid layout1  \" >\n    <div class=\"cms-grid-inner cms-grid-masonry row animation-time\" data-gutter=\"15\">\n        <div class=\"grid-sizer col-lg-4 col-md-4 col-sm-6 col-12\"><\/div>\n                        <div class=\"grid-item col-lg-4 col-md-4 col-sm-6 col-xs-12 col-12\">\n                    <div class=\"grid-item-inner style1 wpb_animate_when_almost_visible wpb_fadeIn fadeIn\">\n                                                    <div class=\"item-featured bg-image\" style=\"background: url('http:\/\/www.eurologisticsltd.com.pl\/wp-content\/uploads\/2021\/09\/bg_trans_road-980x650.webp')\">\n                                <a href=\"http:\/\/www.eurologisticsltd.com.pl\/pl\/service\/transport-drogowy\/\">\n                                    <div class=\"primary-overlay\"><\/div>\n                                <\/a>\n                                <div class=\"item-holder\">\n                                                                            <div class=\"icon-wrap\">\n                                            <img decoding=\"async\" class=\"svg service-icon\" src=\"http:\/\/eurologistics.home.pl\/eurologistics_wp\/wp-content\/uploads\/2021\/09\/icon_truck.svg\" alt=\"\">\n                                        <\/div>\n                                                                            <h4>\n                                        <a href=\"http:\/\/www.eurologisticsltd.com.pl\/pl\/service\/transport-drogowy\/\">Transport Drogowy<\/a>\n                                    <\/h4>\n                                    <div class=\"item-content\">\n                                        Organizujemy transport drogowy na terenie kraju oraz ca\u0142ej Europy.                                    <\/div>\n                                    <div class=\"item-readmore\">\n                                        <a href=\"http:\/\/www.eurologisticsltd.com.pl\/pl\/service\/transport-drogowy\/\">Wi\u0119cej<\/a>\n                                    <\/div>\n                                <\/div>\n                            <\/div>\n                                            <\/div>\n                <\/div>\n                                <div class=\"grid-item col-lg-4 col-md-4 col-sm-6 col-xs-12 col-12\">\n                    <div class=\"grid-item-inner style1 wpb_animate_when_almost_visible wpb_fadeIn fadeIn\">\n                                                    <div class=\"item-featured bg-image\" style=\"background: url('http:\/\/www.eurologisticsltd.com.pl\/wp-content\/uploads\/2021\/09\/bg_trans_sea-980x650.webp')\">\n                                <a href=\"http:\/\/www.eurologisticsltd.com.pl\/pl\/service\/transport-morski\/\">\n                                    <div class=\"primary-overlay\"><\/div>\n                                <\/a>\n                                <div class=\"item-holder\">\n                                                                            <div class=\"icon-wrap\">\n                                            <img decoding=\"async\" class=\"svg service-icon\" src=\"http:\/\/eurologistics.home.pl\/eurologistics_wp\/wp-content\/uploads\/2021\/09\/icon_ship.svg\" alt=\"\">\n                                        <\/div>\n                                                                            <h4>\n                                        <a href=\"http:\/\/www.eurologisticsltd.com.pl\/pl\/service\/transport-morski\/\">Transport Morski<\/a>\n                                    <\/h4>\n                                    <div class=\"item-content\">\n                                        Oferujemy organizacj\u0119 transportu morskiego na ca\u0142y \u015bwiat.                                    <\/div>\n                                    <div class=\"item-readmore\">\n                                        <a href=\"http:\/\/www.eurologisticsltd.com.pl\/pl\/service\/transport-morski\/\">Wi\u0119cej<\/a>\n                                    <\/div>\n                                <\/div>\n                            <\/div>\n                                            <\/div>\n                <\/div>\n                                <div class=\"grid-item col-lg-4 col-md-4 col-sm-6 col-xs-12 col-12\">\n                    <div class=\"grid-item-inner style1 wpb_animate_when_almost_visible wpb_fadeIn fadeIn\">\n                                                    <div class=\"item-featured bg-image\" style=\"background: url('http:\/\/www.eurologisticsltd.com.pl\/wp-content\/uploads\/2021\/09\/bg_trans_oversized-980x650.webp')\">\n                                <a href=\"http:\/\/www.eurologisticsltd.com.pl\/pl\/service\/transport-ponadgabarytowy\/\">\n                                    <div class=\"primary-overlay\"><\/div>\n                                <\/a>\n                                <div class=\"item-holder\">\n                                                                            <div class=\"icon-wrap\">\n                                            <img decoding=\"async\" class=\"svg service-icon\" src=\"http:\/\/eurologistics.home.pl\/eurologistics_wp\/wp-content\/uploads\/2021\/09\/icon_elevator.svg\" alt=\"\">\n                                        <\/div>\n                                                                            <h4>\n                                        <a href=\"http:\/\/www.eurologisticsltd.com.pl\/pl\/service\/transport-ponadgabarytowy\/\">Transport Ponadgabarytowy<\/a>\n                                    <\/h4>\n                                    <div class=\"item-content\">\n                                        Zajmujemy si\u0119 obs\u0142ug\u0105 transportu ponadnormatywnego.                                    <\/div>\n                                    <div class=\"item-readmore\">\n                                        <a href=\"http:\/\/www.eurologisticsltd.com.pl\/pl\/service\/transport-ponadgabarytowy\/\">Wi\u0119cej<\/a>\n                                    <\/div>\n                                <\/div>\n                            <\/div>\n                                            <\/div>\n                <\/div>\n                    <\/div>\n\n            <div class=\"cms-grid-pagination\">\n                    <\/div>\n        <\/div>\n<div class=\"cms-inline-css\" style=\"display:none\" data-css=\"#cms-services-grid .cms-grid-inner {\n    margin: 0 -15px;\n    }\n#cms-services-grid .cms-grid-inner .grid-item, #cms-services-grid .cms-grid-inner .grid-sizer {\n    padding: 15px !important;\n    }\n\"><\/div><\/div><\/div><\/div><\/div><div data-vc-full-width=\"true\" data-vc-full-width-init=\"false\" class=\"vc_row wpb_row vc_row-fluid vc_custom_1630981019821 vc_row-has-fill\"><div class=\"wpb_column vc_column_container vc_col-sm-2\/5\"><div class=\"vc_column-inner vc_custom_1630982343275\"><div class=\"wpb_wrapper\">\n\t<div  class=\"wpb_single_image wpb_content_element vc_align_center  inherit\">\n\t\t\n\t\t<figure class=\"wpb_wrapper vc_figure\">\n\t\t\t<div class=\"vc_single_image-wrapper default  vc_box_border_grey\"><img loading=\"lazy\" decoding=\"async\" width=\"360\" height=\"90\" src=\"http:\/\/www.eurologisticsltd.com.pl\/wp-content\/uploads\/2021\/09\/logo.png\" class=\"vc_single_image-img attachment-large\" alt=\"\" srcset=\"http:\/\/www.eurologisticsltd.com.pl\/wp-content\/uploads\/2021\/09\/logo.png 360w, http:\/\/www.eurologisticsltd.com.pl\/wp-content\/uploads\/2021\/09\/logo-18x5.png 18w\" sizes=\"auto, (max-width: 360px) 100vw, 360px\" \/><\/div>\n\t\t<\/figure>\n\t<\/div>\n<\/div><\/div><\/div><div class=\"wpb_column vc_column_container vc_col-sm-1\/5\"><div class=\"vc_column-inner vc_custom_1630982350230\"><div class=\"wpb_wrapper\">\n<div id=\"cms-heading-6\" class=\"cms-heading foot-top-head  \" >\n    <div class=\"title-heading\">\n        <p class=\"heading-tag\" style=\"color:#020202;font-size:14px;font-weight:700; \">\n            KIM JESTE\u015aMY        <\/p>\n    <\/div>\n<\/div>\n<div  class=\"vc_wp_custommenu wpb_content_element foot-top-menu\"><div class=\"widget widget_nav_menu\"><div class=\"menu-footer-menu-1-container\"><ul id=\"menu-footer-menu-1\" class=\"menu\"><li id=\"menu-item-1586\" class=\"menu-item menu-item-type-post_type menu-item-object-page menu-item-1586\"><a href=\"http:\/\/www.eurologisticsltd.com.pl\/pl\/o-firmie\/\">O firmie<\/a><\/li>\n<li id=\"menu-item-1589\" class=\"menu-item menu-item-type-post_type menu-item-object-page menu-item-1589\"><a href=\"http:\/\/www.eurologisticsltd.com.pl\/pl\/kontakt\/\">Kontakt<\/a><\/li>\n<\/ul><\/div><\/div><\/div><\/div><\/div><\/div><div class=\"wpb_column vc_column_container vc_col-sm-1\/5\"><div class=\"vc_column-inner vc_custom_1630982358861\"><div class=\"wpb_wrapper\">\n<div id=\"cms-heading-7\" class=\"cms-heading foot-top-head  \" >\n    <div class=\"title-heading\">\n        <p class=\"heading-tag\" style=\"color:#020202;font-size:14px;font-weight:700; \">\n            NASZE US\u0141UGI        <\/p>\n    <\/div>\n<\/div>\n<div  class=\"vc_wp_custommenu wpb_content_element foot-top-menu\"><div class=\"widget widget_nav_menu\"><div class=\"menu-footer-menu-2-container\"><ul id=\"menu-footer-menu-2\" class=\"menu\"><li id=\"menu-item-2004\" class=\"menu-item menu-item-type-custom menu-item-object-custom menu-item-2004\"><a href=\"\/single-slug\/transport-drogowy\/\">Transport drogowy<\/a><\/li>\n<li id=\"menu-item-2005\" class=\"menu-item menu-item-type-custom menu-item-object-custom menu-item-2005\"><a href=\"\/single-slug\/transport-morski\/\">Transport morski<\/a><\/li>\n<li id=\"menu-item-2006\" class=\"menu-item menu-item-type-custom menu-item-object-custom menu-item-2006\"><a href=\"\/single-slug\/transport-ponadgabarytowy\/\">Transport ponadgabarytowy<\/a><\/li>\n<\/ul><\/div><\/div><\/div><\/div><\/div><\/div><div class=\"wpb_column vc_column_container vc_col-sm-1\/5\"><div class=\"vc_column-inner vc_custom_1630982365085\"><div class=\"wpb_wrapper\">\n<div id=\"cms-heading-8\" class=\"cms-heading foot-top-head  \" >\n    <div class=\"title-heading\">\n        <p class=\"heading-tag\" style=\"color:#020202;font-size:14px;font-weight:700; \">\n            INFORMACJE        <\/p>\n    <\/div>\n<\/div>\n<div  class=\"vc_wp_custommenu wpb_content_element foot-top-menu\"><div class=\"widget widget_nav_menu\"><div class=\"menu-footer-menu-3-container\"><ul id=\"menu-footer-menu-3\" class=\"menu\"><li id=\"menu-item-2464\" class=\"menu-item menu-item-type-post_type menu-item-object-page menu-item-2464\"><a href=\"http:\/\/www.eurologisticsltd.com.pl\/pl\/odprawa-celna\/\">Odprawa celna<\/a><\/li>\n<li id=\"menu-item-2535\" class=\"menu-item menu-item-type-custom menu-item-object-custom menu-item-2535\"><a href=\"\/wycena-transportu\/#download-button\">Do pobrania<\/a><\/li>\n<li id=\"menu-item-2463\" class=\"menu-item menu-item-type-post_type menu-item-object-page menu-item-2463\"><a href=\"http:\/\/www.eurologisticsltd.com.pl\/pl\/polityka-prywatnosci\/\">Polityka prywatno\u015bci<\/a><\/li>\n<\/ul><\/div><\/div><\/div><\/div><\/div><\/div><div class=\"wpb_column vc_column_container vc_col-sm-12\"><div class=\"vc_column-inner\"><div class=\"wpb_wrapper\"><div class=\"vc_separator wpb_content_element vc_separator_align_center vc_sep_width_100 vc_sep_border_width_2 vc_sep_pos_align_center vc_separator_no_text vc_custom_1630997994488  vc_custom_1630997994488\" ><span class=\"vc_sep_holder vc_sep_holder_l\"><span  style=\"border-color:#adabab;\" class=\"vc_sep_line\"><\/span><\/span><span class=\"vc_sep_holder vc_sep_holder_r\"><span  style=\"border-color:#adabab;\" class=\"vc_sep_line\"><\/span><\/span>\n<\/div><div class=\"vc_row wpb_row vc_inner vc_row-fluid\"><div class=\"wpb_column vc_column_container vc_col-sm-4\"><div class=\"vc_column-inner vc_custom_1630982390154\"><div class=\"wpb_wrapper\">\n\t<div class=\"wpb_text_column wpb_content_element \" >\n\t\t<div class=\"wpb_wrapper\">\n\t\t\t<p style=\"color: #adabab; font-size: 12px; font-weight: 400; text-align: left;\">Euro Logistics Ltd Sp. z o.o.<br \/>\nul. Jab\u0142oniowa 20\/413 ,80-175 Gda\u0144sk<\/p>\n\n\t\t<\/div>\n\t<\/div>\n<\/div><\/div><\/div><div class=\"wpb_column vc_column_container vc_col-sm-4\"><div class=\"vc_column-inner vc_custom_1630982396272\"><div class=\"wpb_wrapper\">\n\t<div class=\"wpb_text_column wpb_content_element \" >\n\t\t<div class=\"wpb_wrapper\">\n\t\t\t<p style=\"color: #adabab; font-size: 12px; font-weight: 400; text-align: left;\">NIP 957-091-96-67 Regon 220062568<br \/>\nS\u0105d Rejonowy Gda\u0144sk P\u00f3\u0142noc<\/p>\n\n\t\t<\/div>\n\t<\/div>\n<\/div><\/div><\/div><div class=\"wpb_column vc_column_container vc_col-sm-4\"><div class=\"vc_column-inner vc_custom_1630982402256\"><div class=\"wpb_wrapper\">\n\t<div class=\"wpb_text_column wpb_content_element \" >\n\t\t<div class=\"wpb_wrapper\">\n\t\t\t<p style=\"color: #adabab; font-size: 12px; font-weight: 400; text-align: left;\">VII Wydzia\u0142 Gospodarczy KRS 0000242033<br \/>\nKapita\u0142 zak\u0142adowy 50 000 pln<\/p>\n\n\t\t<\/div>\n\t<\/div>\n<\/div><\/div><\/div><\/div>\n\t<div class=\"wpb_text_column wpb_content_element  vc_custom_1632211156345\" >\n\t\t<div class=\"wpb_wrapper\">\n\t\t\t<p style=\"color: #adabab; font-size: 12px; font-weight: 400; text-align: left;\">Copyright \u00a9 2021 Euro Logistics Ltd | Realizacja <a href=\"https:\/\/netby.pl\/\" target=\"_blank\" rel=\"noopener\">Netby<\/a><\/p>\n\n\t\t<\/div>\n\t<\/div>\n<\/div><\/div><\/div><\/div><div class=\"vc_row-full-width vc_clearfix\"><\/div>\n","protected":false},"excerpt":{"rendered":"Inne us\u0142ugi Transport morski Transport ponadgabarytowy Odprawa celna Wyce\u0144 transport Wype\u0142nij formularz kontatktowy, za pomoc\u0105 kt\u00f3rego, w szybki spos\u00f3b wycenisz sw\u00f3j transport. Kontakt Transport drogowy Zapewniamy transport drogowy na terenie kraju oraz na terenie ca\u0142ej Europy. Spedycja drogowa, kt\u00f3r\u0105 oferujemy to kompleksowe rozwi\u0105zania, elastycznie dopasowane do indywidualnych potrzeb Klient\u00f3w. Dbaj\u0105c, o zadowolenie naszych Klient\u00f3w zapewniamy [...]","protected":false},"author":2,"featured_media":0,"parent":0,"menu_order":0,"comment_status":"closed","ping_status":"closed","template":"","meta":{"footnotes":""},"class_list":["post-30","page","type-page","status-publish","hentry"],"_links":{"self":[{"href":"http:\/\/www.eurologisticsltd.com.pl\/pl\/wp-json\/wp\/v2\/pages\/30","targetHints":{"allow":["GET"]}}],"collection":[{"href":"http:\/\/www.eurologisticsltd.com.pl\/pl\/wp-json\/wp\/v2\/pages"}],"about":[{"href":"http:\/\/www.eurologisticsltd.com.pl\/pl\/wp-json\/wp\/v2\/types\/page"}],"author":[{"embeddable":true,"href":"http:\/\/www.eurologisticsltd.com.pl\/pl\/wp-json\/wp\/v2\/users\/2"}],"replies":[{"embeddable":true,"href":"http:\/\/www.eurologisticsltd.com.pl\/pl\/wp-json\/wp\/v2\/comments?post=30"}],"version-history":[{"count":53,"href":"http:\/\/www.eurologisticsltd.com.pl\/pl\/wp-json\/wp\/v2\/pages\/30\/revisions"}],"predecessor-version":[{"id":2811,"href":"http:\/\/www.eurologisticsltd.com.pl\/pl\/wp-json\/wp\/v2\/pages\/30\/revisions\/2811"}],"wp:attachment":[{"href":"http:\/\/www.eurologisticsltd.com.pl\/pl\/wp-json\/wp\/v2\/media?parent=30"}],"curies":[{"name":"wp","href":"https:\/\/api.w.org\/{rel}","templated":true}]}}