{"id":77,"date":"2019-03-02T03:24:29","date_gmt":"2019-03-02T03:24:29","guid":{"rendered":"https:\/\/demo.farost.net\/logisti\/?page_id=77"},"modified":"2024-01-20T08:58:43","modified_gmt":"2024-01-20T08:58:43","slug":"wycena-transportu","status":"publish","type":"page","link":"http:\/\/www.eurologisticsltd.com.pl\/pl\/wycena-transportu\/","title":{"rendered":"Wycena transportu"},"content":{"rendered":"<div class=\"vc_row wpb_row vc_row-fluid vc_custom_1631015816294\"><div class=\"sidebar-menu wpb_column vc_column_container vc_col-sm-3\"><div class=\"vc_column-inner\"><div class=\"wpb_wrapper\"><div class=\"vc_row wpb_row vc_inner vc_row-fluid sidebar-menu\"><div class=\"wpb_column vc_column_container vc_col-sm-12 vc_col-has-fill\"><div class=\"vc_column-inner vc_custom_1630976365182\"><div class=\"wpb_wrapper\">\n<div id=\"cms-heading\" class=\"cms-heading   \" >\n    <div class=\"title-heading\">\n        <p class=\"heading-tag\" style=\"color:#646464;font-size:16;line-height:0.5;font-weight:400; \">\n            Nasze us\u0142ugi        <\/p>\n    <\/div>\n<\/div>\n<div class=\"vc_separator wpb_content_element vc_separator_align_center vc_sep_width_100 vc_sep_border_width_2 vc_sep_pos_align_center vc_separator_no_text vc_custom_1630974035422  vc_custom_1630974035422\" ><span class=\"vc_sep_holder vc_sep_holder_l\"><span  style=\"border-color:#646464;\" class=\"vc_sep_line\"><\/span><\/span><span class=\"vc_sep_holder vc_sep_holder_r\"><span  style=\"border-color:#646464;\" class=\"vc_sep_line\"><\/span><\/span>\n<\/div>\n\t<div class=\"wpb_text_column wpb_content_element  vc_custom_1631158911337\" >\n\t\t<div class=\"wpb_wrapper\">\n\t\t\t<p><a style=\"font-size: 16px;\" href=\"http:\/\/eurologistics.home.pl\/eurologistics_wp\/service\/transport-drogowy\/\" target=\"_blank\" rel=\"noopener\">Transport drogowy<\/a><\/p>\n\n\t\t<\/div>\n\t<\/div>\n<div class=\"vc_separator wpb_content_element vc_separator_align_center vc_sep_width_100 vc_sep_border_width_2 vc_sep_pos_align_center vc_separator_no_text vc_custom_1630974126269  vc_custom_1630974126269\" ><span class=\"vc_sep_holder vc_sep_holder_l\"><span  style=\"border-color:#242424;\" class=\"vc_sep_line\"><\/span><\/span><span class=\"vc_sep_holder vc_sep_holder_r\"><span  style=\"border-color:#242424;\" class=\"vc_sep_line\"><\/span><\/span>\n<\/div>\n\t<div class=\"wpb_text_column wpb_content_element  vc_custom_1631158920649\" >\n\t\t<div class=\"wpb_wrapper\">\n\t\t\t<p><a style=\"font-size: 16px;\" href=\"http:\/\/eurologistics.home.pl\/eurologistics_wp\/service\/transport-morski\/\" target=\"_blank\" rel=\"noopener\">Transport morski<\/a><\/p>\n\n\t\t<\/div>\n\t<\/div>\n<div class=\"vc_separator wpb_content_element vc_separator_align_center vc_sep_width_100 vc_sep_border_width_2 vc_sep_pos_align_center vc_separator_no_text vc_custom_1630974126269  vc_custom_1630974126269\" ><span class=\"vc_sep_holder vc_sep_holder_l\"><span  style=\"border-color:#242424;\" class=\"vc_sep_line\"><\/span><\/span><span class=\"vc_sep_holder vc_sep_holder_r\"><span  style=\"border-color:#242424;\" class=\"vc_sep_line\"><\/span><\/span>\n<\/div>\n\t<div class=\"wpb_text_column wpb_content_element  vc_custom_1631158929885\" >\n\t\t<div class=\"wpb_wrapper\">\n\t\t\t<p><a style=\"font-size: 16px;\" href=\"http:\/\/eurologistics.home.pl\/eurologistics_wp\/service\/transport-ponadgabarytowy\/\" target=\"_blank\" rel=\"noopener\">Transport ponadgabarytowy<\/a><\/p>\n\n\t\t<\/div>\n\t<\/div>\n<div class=\"vc_separator wpb_content_element vc_separator_align_center vc_sep_width_100 vc_sep_border_width_2 vc_sep_pos_align_center vc_separator_no_text vc_custom_1630974126269  vc_custom_1630974126269\" ><span class=\"vc_sep_holder vc_sep_holder_l\"><span  style=\"border-color:#242424;\" class=\"vc_sep_line\"><\/span><\/span><span class=\"vc_sep_holder vc_sep_holder_r\"><span  style=\"border-color:#242424;\" class=\"vc_sep_line\"><\/span><\/span>\n<\/div>\n\t<div class=\"wpb_text_column wpb_content_element  vc_custom_1631158937694\" >\n\t\t<div class=\"wpb_wrapper\">\n\t\t\t<p><a style=\"font-size: 16px;\" href=\"http:\/\/eurologistics.home.pl\/eurologistics_wp\/odprawa-celna\/\" target=\"_blank\" rel=\"noopener\">Odprawa celna<\/a><\/p>\n\n\t\t<\/div>\n\t<\/div>\n<\/div><\/div><\/div><\/div><div class=\"vc_row wpb_row vc_inner vc_row-fluid sidebar-download vc_custom_1631160689098 vc_row-has-fill\"><div class=\"wpb_column vc_column_container vc_col-sm-12\"><div class=\"vc_column-inner vc_custom_1630976371285\"><div class=\"wpb_wrapper\"><div class=\"vc_empty_space\" id=\"owu\"  style=\"height: 5px\"><span class=\"vc_empty_space_inner\"><\/span><\/div>\n<div id=\"cms-heading-2\" class=\"cms-heading   \" >\n    <div class=\"title-heading\">\n        <p class=\"heading-tag\" style=\"color:#4b4b4b;font-size:16;line-height:0.5;font-weight:400; \">\n            Dokumenty do pobrania        <\/p>\n    <\/div>\n<\/div>\n\n\t<div class=\"wpb_raw_code wpb_content_element wpb_raw_html vc_custom_1705741103731\" id=\"download-button\">\n\t\t<div class=\"wpb_wrapper\">\n\t\t\t<a href=\"http:\/\/eurologisticsltd.com.pl\/eurologistics_owu.pdf\" target=\"_blank\">Og\u00f3lne warunki wsp\u00f3\u0142pracy dla przewo\u017anika<\/a>\n\n\t\t<\/div>\n\t<\/div>\n<\/div><\/div><\/div><\/div><div class=\"vc_row wpb_row vc_inner vc_row-fluid sidebar-quotation vc_custom_1631160560669 vc_row-has-fill\"><div class=\"wpb_column vc_column_container vc_col-sm-12\"><div class=\"vc_column-inner vc_custom_1630976377945\"><div class=\"wpb_wrapper\">\n<div id=\"cms-heading-3\" class=\"cms-heading   \" >\n    <div class=\"title-heading\">\n        <p class=\"heading-tag\" style=\"color:#ffffff;font-size:16;font-weight:400; \">\n            Nie wiesz jak wyceni\u0107 transport?        <\/p>\n    <\/div>\n<\/div>\n\n\t<div class=\"wpb_raw_code wpb_content_element wpb_raw_html\" id=\"quotation-button\">\n\t\t<div class=\"wpb_wrapper\">\n\t\t\t<button onclick=\"location.href='https:\/\/eurologistics.domena-projekt.pl\/index.php\/contacts\/'\" type=\"button\">Kontakt<\/button>\n\t\t<\/div>\n\t<\/div>\n<\/div><\/div><\/div><\/div><\/div><\/div><\/div><div class=\"wpb_column vc_column_container vc_col-sm-1\"><div class=\"vc_column-inner vc_custom_1631015659975\"><div class=\"wpb_wrapper\"><\/div><\/div><\/div><div class=\"wpb_column vc_column_container vc_col-sm-8 vc_col-has-fill\"><div class=\"vc_column-inner vc_custom_1631015766401\"><div class=\"wpb_wrapper\">\n<div id=\"cms-heading-4\" class=\"cms-heading   \" >\n    <div class=\"title-heading\">\n        <h2 class=\"heading-tag\" style=\"color:#000000;font-size:24px;font-weight:700; \">\n            Popro\u015b o wycen\u0119        <\/h2>\n    <\/div>\n<\/div>\n    <div class=\"cms-contact-form cms-contact-form-default    \" >\r\n                \n<div class=\"wpcf7 no-js\" id=\"wpcf7-f1801-o1\" lang=\"en-US\" dir=\"ltr\">\n<div class=\"screen-reader-response\"><p role=\"status\" aria-live=\"polite\" aria-atomic=\"true\"><\/p> <ul><\/ul><\/div>\n<form action=\"\/pl\/wp-json\/wp\/v2\/pages\/77#wpcf7-f1801-o1\" method=\"post\" class=\"wpcf7-form init\" aria-label=\"Contact form\" novalidate=\"novalidate\" data-status=\"init\">\n<div style=\"display: none;\">\n<input type=\"hidden\" name=\"_wpcf7\" value=\"1801\" \/>\n<input type=\"hidden\" name=\"_wpcf7_version\" value=\"5.8\" \/>\n<input type=\"hidden\" name=\"_wpcf7_locale\" value=\"en_US\" \/>\n<input type=\"hidden\" name=\"_wpcf7_unit_tag\" value=\"wpcf7-f1801-o1\" \/>\n<input type=\"hidden\" name=\"_wpcf7_container_post\" value=\"0\" \/>\n<input type=\"hidden\" name=\"_wpcf7_posted_data_hash\" value=\"\" \/>\n<input type=\"hidden\" name=\"_wpcf7_recaptcha_response\" value=\"\" \/>\n<\/div>\n<div id=\"quote-form\">\n\n<span class=\"wpcf7-form-control-wrap\" data-name=\"imie\"><input size=\"40\" class=\"wpcf7-form-control wpcf7-text wpcf7-validates-as-required input\" aria-required=\"true\" aria-invalid=\"false\" placeholder=\"Imi\u0119 *\" value=\"\" type=\"text\" name=\"imie\" \/><\/span>\n<span class=\"wpcf7-form-control-wrap\" data-name=\"nazwisko\"><input size=\"40\" class=\"wpcf7-form-control wpcf7-text wpcf7-validates-as-required input\" aria-required=\"true\" aria-invalid=\"false\" placeholder=\"Nazwisko *\" value=\"\" type=\"text\" name=\"nazwisko\" \/><\/span>\n<span class=\"wpcf7-form-control-wrap\" data-name=\"telefon\"><input size=\"40\" class=\"wpcf7-form-control wpcf7-text wpcf7-validates-as-required input\" aria-required=\"true\" aria-invalid=\"false\" placeholder=\"Telefon *\" value=\"\" type=\"text\" name=\"telefon\" \/><\/span>\n<span class=\"wpcf7-form-control-wrap\" data-name=\"email\"><input size=\"40\" class=\"wpcf7-form-control wpcf7-text wpcf7-validates-as-required input\" aria-required=\"true\" aria-invalid=\"false\" placeholder=\"Email *\" value=\"\" type=\"text\" name=\"email\" \/><\/span>\n<span class=\"wpcf7-form-control-wrap\" data-name=\"firma\"><input size=\"40\" class=\"wpcf7-form-control wpcf7-text wpcf7-validates-as-required input\" aria-required=\"true\" aria-invalid=\"false\" placeholder=\"Nazwa firmy *\" value=\"\" type=\"text\" name=\"firma\" \/><\/span>\n<span class=\"wpcf7-form-control-wrap\" data-name=\"towar\"><input size=\"40\" class=\"wpcf7-form-control wpcf7-text wpcf7-validates-as-required input\" aria-required=\"true\" aria-invalid=\"false\" placeholder=\"Przewo\u017cony towar *\" value=\"\" type=\"text\" name=\"towar\" \/><\/span>\n<span class=\"wpcf7-form-control-wrap\" data-name=\"miasto-zaladunek\"><input size=\"40\" class=\"wpcf7-form-control wpcf7-text wpcf7-validates-as-required input\" aria-required=\"true\" aria-invalid=\"false\" placeholder=\"Miasto za\u0142adunku *\" value=\"\" type=\"text\" name=\"miasto-zaladunek\" \/><\/span>\n<span class=\"wpcf7-form-control-wrap\" data-name=\"kod-zaladunek\"><input size=\"40\" class=\"wpcf7-form-control wpcf7-text wpcf7-validates-as-required input\" aria-required=\"true\" aria-invalid=\"false\" placeholder=\"Kod pocztowy *\" value=\"\" type=\"text\" name=\"kod-zaladunek\" \/><\/span>\n<span class=\"wpcf7-form-control-wrap\" data-name=\"miasto-rozladunek\"><input size=\"40\" class=\"wpcf7-form-control wpcf7-text wpcf7-validates-as-required input\" aria-required=\"true\" aria-invalid=\"false\" placeholder=\"Miasto roz\u0142adunku *\" value=\"\" type=\"text\" name=\"miasto-rozladunek\" \/><\/span>\n<span class=\"wpcf7-form-control-wrap\" data-name=\"kod-rozladunek\"><input size=\"40\" class=\"wpcf7-form-control wpcf7-text wpcf7-validates-as-required input\" aria-required=\"true\" aria-invalid=\"false\" placeholder=\"Kod pocztowy *\" value=\"\" type=\"text\" name=\"kod-rozladunek\" \/><\/span>\n<span class=\"wpcf7-form-control-wrap\" data-name=\"opakowanie\"><input size=\"40\" class=\"wpcf7-form-control wpcf7-text wpcf7-validates-as-required input\" aria-required=\"true\" aria-invalid=\"false\" placeholder=\"Rodzaj opakowania *\" value=\"\" type=\"text\" name=\"opakowanie\" \/><\/span>\n<span class=\"wpcf7-form-control-wrap\" data-name=\"termin\"><input size=\"40\" class=\"wpcf7-form-control wpcf7-text wpcf7-validates-as-required input\" aria-required=\"true\" aria-invalid=\"false\" placeholder=\"Termin realizacji *\" value=\"\" type=\"text\" name=\"termin\" \/><\/span>\n\n<span class=\"wpcf7-form-control-wrap\" data-name=\"wyposazenie\"><input size=\"40\" class=\"wpcf7-form-control wpcf7-text input\" id=\"equip\" aria-invalid=\"false\" placeholder=\"Wymagane wyposa\u017cenie pojazdu i kierowcy\" value=\"\" type=\"text\" name=\"wyposazenie\" \/><\/span>\n\n<span class=\"wpcf7-form-control-wrap\" data-name=\"waga\"><input size=\"40\" class=\"wpcf7-form-control wpcf7-text wpcf7-validates-as-required numer input\" aria-required=\"true\" aria-invalid=\"false\" placeholder=\"Waga *\" value=\"\" type=\"text\" name=\"waga\" \/><\/span>\n<span class=\"wpcf7-form-control-wrap\" data-name=\"wysokosc\"><input size=\"40\" class=\"wpcf7-form-control wpcf7-text wpcf7-validates-as-required numer input\" aria-required=\"true\" aria-invalid=\"false\" placeholder=\"Wys. *\" value=\"\" type=\"text\" name=\"wysokosc\" \/><\/span>\n<span class=\"wpcf7-form-control-wrap\" data-name=\"szerokosc\"><input size=\"40\" class=\"wpcf7-form-control wpcf7-text wpcf7-validates-as-required numer input\" aria-required=\"true\" aria-invalid=\"false\" placeholder=\"Szer. *\" value=\"\" type=\"text\" name=\"szerokosc\" \/><\/span>\n<span class=\"wpcf7-form-control-wrap\" data-name=\"dlugosc\"><input size=\"40\" class=\"wpcf7-form-control wpcf7-text wpcf7-validates-as-required numer input\" aria-required=\"true\" aria-invalid=\"false\" placeholder=\"D\u0142ug. *\" value=\"\" type=\"text\" name=\"dlugosc\" \/><\/span>\n\n<span class=\"wpcf7-form-control-wrap\" data-name=\"menu\"><select class=\"wpcf7-form-control wpcf7-select wpcf7-validates-as-required input\" id=\"form-select\" aria-required=\"true\" aria-invalid=\"false\" name=\"menu\"><option value=\"Drogowy\">Drogowy<\/option><option value=\"Morski\">Morski<\/option><option value=\"Ponadgabarytowy\">Ponadgabarytowy<\/option><\/select><\/span>\n\n<label> \n<span class=\"wpcf7-form-control-wrap\" data-name=\"rodo\"><span class=\"wpcf7-form-control wpcf7-acceptance\"><span class=\"wpcf7-list-item\"><label><input type=\"checkbox\" name=\"rodo\" value=\"1\" aria-invalid=\"false\" \/><span class=\"wpcf7-list-item-label\">Wyra\u017cam zgod\u0119 na przetwarzanie przez Euro Logistics Ltd. sp. z o.o. moich danych osobowych, zawartych w formularzu kontaktowym, w celu udzielenia odpowiedzi na przes\u0142ane przeze mnie zapytanie. <a href=\"klauzula-informacyjna\/\">Klauzula informacyjna<\/a><\/span><\/label><\/span><\/span><\/span> \n<\/label>\n\n<input class=\"wpcf7-form-control wpcf7-submit has-spinner\" id=\"quote-form-submit\" type=\"submit\" value=\"Wy\u015blij\" \/>\n\n<\/div><div class=\"wpcf7-response-output\" aria-hidden=\"true\"><\/div>\n<\/form>\n<\/div>\n    <\/div>\r\n<\/div><\/div><\/div><\/div><div data-vc-full-width=\"true\" data-vc-full-width-init=\"false\" class=\"vc_row wpb_row vc_row-fluid vc_custom_1630981019821 vc_row-has-fill\"><div class=\"wpb_column vc_column_container vc_col-sm-2\/5\"><div class=\"vc_column-inner vc_custom_1630982343275\"><div class=\"wpb_wrapper\">\n\t<div  class=\"wpb_single_image wpb_content_element vc_align_center  inherit\">\n\t\t\n\t\t<figure class=\"wpb_wrapper vc_figure\">\n\t\t\t<div class=\"vc_single_image-wrapper default  vc_box_border_grey\"><img loading=\"lazy\" decoding=\"async\" width=\"360\" height=\"90\" src=\"http:\/\/www.eurologisticsltd.com.pl\/wp-content\/uploads\/2021\/09\/logo.png\" class=\"vc_single_image-img attachment-large\" alt=\"\" srcset=\"http:\/\/www.eurologisticsltd.com.pl\/wp-content\/uploads\/2021\/09\/logo.png 360w, http:\/\/www.eurologisticsltd.com.pl\/wp-content\/uploads\/2021\/09\/logo-18x5.png 18w\" sizes=\"auto, (max-width: 360px) 100vw, 360px\" \/><\/div>\n\t\t<\/figure>\n\t<\/div>\n<\/div><\/div><\/div><div class=\"wpb_column vc_column_container vc_col-sm-1\/5\"><div class=\"vc_column-inner vc_custom_1630982350230\"><div class=\"wpb_wrapper\">\n<div id=\"cms-heading-5\" class=\"cms-heading foot-top-head  \" >\n    <div class=\"title-heading\">\n        <p class=\"heading-tag\" style=\"color:#020202;font-size:14px;font-weight:700; \">\n            KIM JESTE\u015aMY        <\/p>\n    <\/div>\n<\/div>\n<div  class=\"vc_wp_custommenu wpb_content_element foot-top-menu\"><div class=\"widget widget_nav_menu\"><div class=\"menu-footer-menu-1-container\"><ul id=\"menu-footer-menu-1\" class=\"menu\"><li id=\"menu-item-1586\" class=\"menu-item menu-item-type-post_type menu-item-object-page menu-item-1586\"><a href=\"http:\/\/www.eurologisticsltd.com.pl\/pl\/o-firmie\/\">O firmie<\/a><\/li>\n<li id=\"menu-item-1589\" class=\"menu-item menu-item-type-post_type menu-item-object-page menu-item-1589\"><a href=\"http:\/\/www.eurologisticsltd.com.pl\/pl\/kontakt\/\">Kontakt<\/a><\/li>\n<\/ul><\/div><\/div><\/div><\/div><\/div><\/div><div class=\"wpb_column vc_column_container vc_col-sm-1\/5\"><div class=\"vc_column-inner vc_custom_1630982358861\"><div class=\"wpb_wrapper\">\n<div id=\"cms-heading-6\" class=\"cms-heading foot-top-head  \" >\n    <div class=\"title-heading\">\n        <p class=\"heading-tag\" style=\"color:#020202;font-size:14px;font-weight:700; \">\n            NASZE US\u0141UGI        <\/p>\n    <\/div>\n<\/div>\n<div  class=\"vc_wp_custommenu wpb_content_element foot-top-menu\"><div class=\"widget widget_nav_menu\"><div class=\"menu-footer-menu-2-container\"><ul id=\"menu-footer-menu-2\" class=\"menu\"><li id=\"menu-item-2004\" class=\"menu-item menu-item-type-custom menu-item-object-custom menu-item-2004\"><a href=\"\/single-slug\/transport-drogowy\/\">Transport drogowy<\/a><\/li>\n<li id=\"menu-item-2005\" class=\"menu-item menu-item-type-custom menu-item-object-custom menu-item-2005\"><a href=\"\/single-slug\/transport-morski\/\">Transport morski<\/a><\/li>\n<li id=\"menu-item-2006\" class=\"menu-item menu-item-type-custom menu-item-object-custom menu-item-2006\"><a href=\"\/single-slug\/transport-ponadgabarytowy\/\">Transport ponadgabarytowy<\/a><\/li>\n<\/ul><\/div><\/div><\/div><\/div><\/div><\/div><div class=\"wpb_column vc_column_container vc_col-sm-1\/5\"><div class=\"vc_column-inner vc_custom_1630982365085\"><div class=\"wpb_wrapper\">\n<div id=\"cms-heading-7\" class=\"cms-heading foot-top-head  \" >\n    <div class=\"title-heading\">\n        <p class=\"heading-tag\" style=\"color:#020202;font-size:14px;font-weight:700; \">\n            INFORMACJE        <\/p>\n    <\/div>\n<\/div>\n<div  class=\"vc_wp_custommenu wpb_content_element foot-top-menu\"><div class=\"widget widget_nav_menu\"><div class=\"menu-footer-menu-3-container\"><ul id=\"menu-footer-menu-3\" class=\"menu\"><li id=\"menu-item-2464\" class=\"menu-item menu-item-type-post_type menu-item-object-page menu-item-2464\"><a href=\"http:\/\/www.eurologisticsltd.com.pl\/pl\/odprawa-celna\/\">Odprawa celna<\/a><\/li>\n<li id=\"menu-item-2535\" class=\"menu-item menu-item-type-custom menu-item-object-custom menu-item-2535\"><a href=\"\/wycena-transportu\/#download-button\">Do pobrania<\/a><\/li>\n<li id=\"menu-item-2463\" class=\"menu-item menu-item-type-post_type menu-item-object-page menu-item-2463\"><a href=\"http:\/\/www.eurologisticsltd.com.pl\/pl\/polityka-prywatnosci\/\">Polityka prywatno\u015bci<\/a><\/li>\n<\/ul><\/div><\/div><\/div><\/div><\/div><\/div><div class=\"wpb_column vc_column_container vc_col-sm-12\"><div class=\"vc_column-inner\"><div class=\"wpb_wrapper\"><div class=\"vc_separator wpb_content_element vc_separator_align_center vc_sep_width_100 vc_sep_border_width_2 vc_sep_pos_align_center vc_separator_no_text vc_custom_1630997994488  vc_custom_1630997994488\" ><span class=\"vc_sep_holder vc_sep_holder_l\"><span  style=\"border-color:#adabab;\" class=\"vc_sep_line\"><\/span><\/span><span class=\"vc_sep_holder vc_sep_holder_r\"><span  style=\"border-color:#adabab;\" class=\"vc_sep_line\"><\/span><\/span>\n<\/div><div class=\"vc_row wpb_row vc_inner vc_row-fluid\"><div class=\"wpb_column vc_column_container vc_col-sm-4\"><div class=\"vc_column-inner vc_custom_1630982390154\"><div class=\"wpb_wrapper\">\n\t<div class=\"wpb_text_column wpb_content_element \" >\n\t\t<div class=\"wpb_wrapper\">\n\t\t\t<p style=\"color: #adabab; font-size: 12px; font-weight: 400; text-align: left;\">Euro Logistics Ltd Sp. z o.o.<br \/>\nul. Jab\u0142oniowa 20\/413 ,80-175 Gda\u0144sk<\/p>\n\n\t\t<\/div>\n\t<\/div>\n<\/div><\/div><\/div><div class=\"wpb_column vc_column_container vc_col-sm-4\"><div class=\"vc_column-inner vc_custom_1630982396272\"><div class=\"wpb_wrapper\">\n\t<div class=\"wpb_text_column wpb_content_element \" >\n\t\t<div class=\"wpb_wrapper\">\n\t\t\t<p style=\"color: #adabab; font-size: 12px; font-weight: 400; text-align: left;\">NIP 957-091-96-67 Regon 220062568<br \/>\nS\u0105d Rejonowy Gda\u0144sk P\u00f3\u0142noc<\/p>\n\n\t\t<\/div>\n\t<\/div>\n<\/div><\/div><\/div><div class=\"wpb_column vc_column_container vc_col-sm-4\"><div class=\"vc_column-inner vc_custom_1630982402256\"><div class=\"wpb_wrapper\">\n\t<div class=\"wpb_text_column wpb_content_element \" >\n\t\t<div class=\"wpb_wrapper\">\n\t\t\t<p style=\"color: #adabab; font-size: 12px; font-weight: 400; text-align: left;\">VII Wydzia\u0142 Gospodarczy KRS 0000242033<br \/>\nKapita\u0142 zak\u0142adowy 50 000 pln<\/p>\n\n\t\t<\/div>\n\t<\/div>\n<\/div><\/div><\/div><\/div>\n\t<div class=\"wpb_text_column wpb_content_element  vc_custom_1632212063037\" >\n\t\t<div class=\"wpb_wrapper\">\n\t\t\t<p style=\"color: #adabab; font-size: 12px; font-weight: 400; text-align: left;\">Copyright \u00a9 2021 Euro Logistics Ltd | Realizacja <a href=\"https:\/\/netby.pl\/\" target=\"_blank\" rel=\"noopener\">Netby<\/a><\/p>\n\n\t\t<\/div>\n\t<\/div>\n<\/div><\/div><\/div><\/div><div class=\"vc_row-full-width vc_clearfix\"><\/div>\n","protected":false},"excerpt":{"rendered":"Nasze us\u0142ugi Transport drogowy Transport morski Transport ponadgabarytowy Odprawa celna Dokumenty do pobrania Og\u00f3lne warunki wsp\u00f3\u0142pracy dla przewo\u017anika Nie wiesz jak wyceni\u0107 transport? Kontakt Popro\u015b o wycen\u0119 DrogowyMorskiPonadgabarytowy Wyra\u017cam zgod\u0119 na przetwarzanie przez Euro Logistics Ltd. sp. z o.o. moich danych osobowych, zawartych w formularzu kontaktowym, w celu udzielenia odpowiedzi na przes\u0142ane przeze mnie zapytanie. [...]","protected":false},"author":2,"featured_media":0,"parent":0,"menu_order":0,"comment_status":"closed","ping_status":"closed","template":"","meta":{"footnotes":""},"class_list":["post-77","page","type-page","status-publish","hentry"],"_links":{"self":[{"href":"http:\/\/www.eurologisticsltd.com.pl\/pl\/wp-json\/wp\/v2\/pages\/77","targetHints":{"allow":["GET"]}}],"collection":[{"href":"http:\/\/www.eurologisticsltd.com.pl\/pl\/wp-json\/wp\/v2\/pages"}],"about":[{"href":"http:\/\/www.eurologisticsltd.com.pl\/pl\/wp-json\/wp\/v2\/types\/page"}],"author":[{"embeddable":true,"href":"http:\/\/www.eurologisticsltd.com.pl\/pl\/wp-json\/wp\/v2\/users\/2"}],"replies":[{"embeddable":true,"href":"http:\/\/www.eurologisticsltd.com.pl\/pl\/wp-json\/wp\/v2\/comments?post=77"}],"version-history":[{"count":145,"href":"http:\/\/www.eurologisticsltd.com.pl\/pl\/wp-json\/wp\/v2\/pages\/77\/revisions"}],"predecessor-version":[{"id":3029,"href":"http:\/\/www.eurologisticsltd.com.pl\/pl\/wp-json\/wp\/v2\/pages\/77\/revisions\/3029"}],"wp:attachment":[{"href":"http:\/\/www.eurologisticsltd.com.pl\/pl\/wp-json\/wp\/v2\/media?parent=77"}],"curies":[{"name":"wp","href":"https:\/\/api.w.org\/{rel}","templated":true}]}}